{"id":3351,"date":"2022-06-22T13:44:38","date_gmt":"2022-06-22T11:44:38","guid":{"rendered":"https:\/\/www.aica3.org\/cms\/?page_id=3351"},"modified":"2022-06-22T14:57:04","modified_gmt":"2022-06-22T12:57:04","slug":"decennale-aica3-2012-2022","status":"publish","type":"page","link":"https:\/\/www.aica3.org\/cms\/en\/decennale-aica3-2012-2022\/","title":{"rendered":"AICa3 Decennial 2012-2022"},"content":{"rendered":"<p>[et_pb_section fb_built=&#8221;1&#8243; _builder_version=&#8221;4.16&#8243; global_colors_info=&#8221;{}&#8221; theme_builder_area=&#8221;post_content&#8221;][et_pb_row _builder_version=&#8221;4.16&#8243; background_size=&#8221;initial&#8221; background_position=&#8221;top_left&#8221; background_repeat=&#8221;repeat&#8221; global_colors_info=&#8221;{}&#8221; theme_builder_area=&#8221;post_content&#8221;][et_pb_column type=&#8221;4_4&#8243; _builder_version=&#8221;4.16&#8243; custom_padding=&#8221;|||&#8221; global_colors_info=&#8221;{}&#8221; custom_padding__hover=&#8221;|||&#8221; theme_builder_area=&#8221;post_content&#8221;][et_pb_image src=&#8221;https:\/\/www.aica3.org\/cms\/wp-content\/uploads\/2022\/06\/decennale.jpg&#8221; title_text=&#8221;decennale&#8221; _builder_version=&#8221;4.17.4&#8243; _module_preset=&#8221;default&#8221; global_colors_info=&#8221;{}&#8221; theme_builder_area=&#8221;post_content&#8221;][\/et_pb_image][et_pb_text _builder_version=&#8221;4.17.4&#8243; background_size=&#8221;initial&#8221; background_position=&#8221;top_left&#8221; background_repeat=&#8221;repeat&#8221; custom_padding=&#8221;||3px|||&#8221; global_colors_info=&#8221;{}&#8221; theme_builder_area=&#8221;post_content&#8221;]<\/p>\n<p style=\"text-align: justify;\">Cari Amici,<br \/>\u00c8 con grande orgoglio e soddisfazione, permetteteci anche un pochino di emozione, che celebriamo il decennale della costituzione di AICa3 onlus \u2013 Associazione Italiana Calpaina 3, per la lotta alla Distrofiamuscolare dei cingoli.<\/p>\n<p style=\"text-align: justify;\">In questi dieci anni di vita molte sono state le attivit\u00e0 di AICa3: Quattro Progetti di ricerca, due Congressi internazionali, il primo Workshop mondiale, tanti interventi, collaborazioni e partecipazioni con le realt\u00e0 a noi affini e la popolazione. Abbiamo da sempre cercato progetti capaci di farci conoscere un po\u2019 meglio la Distrofia muscolare dei cingoli e di essere di supporto a patologie sintomatologicamente simili, e perch\u00e9 no, anche trasmettere sensazioni ed emozioni.<\/p>\n<p style=\"text-align: justify;\">Compiere dieci anni di attivit\u00e0 significa avere una storia, un passato importante, una memoria, un\u2019identit\u00e0, e di questo il nostro Comitato scientifico, i nostri Soci e i nostri sostenitori devono esserne fieri, orgogliosi e a loro rivolgo la nostra stima, perch\u00e9 \u00e8 con il loro lavoro volontario, con la loro passione, con la loro voglia e capacit\u00e0 di fare che abbiamo realizzato quello che oggi rappresentiamo, quello che oggi siamo: un riferimento importante per le persone malate e parte attiva nel panorama della ricerca scientifica sulla Distrofia muscolare.<\/p>\n<p style=\"text-align: justify;\">Dai risultati ottenuti emerge che abbiamo lavorato sodo e accortamente: abbiamo creato un\u2019associazione in grado di farsi apprezzare, abbiamo mostrato una notevole dinamicit\u00e0 nel ricercare la collaborazione con diverse componenti della collettivit\u00e0 scientifica e nell\u2019instaurare molteplici rapporti con esse.<\/p>\n<p style=\"text-align: justify;\">I nostri primi dieci anni di esistenza di AICa3 sono uno dei pi\u00f9 importanti traguardi sino ad ora raggiunti. Ma se siamo riusciti in ci\u00f2 \u00e8 anche e soprattutto grazie a Voi, e a tutti coloro che hanno creduto in noi e ci hanno supportato. A Voi, quindi, voglio rivolgere con sincera gratitudine il nostro ringraziamento!<\/p>\n<p style=\"text-align: justify;\">Consapevoli del ruolo che possiamo e dobbiamo svolgere per sostenere le persone malate e la ricerca sulla Distrofia muscolare dei cingoli continuiamo mettendo a disposizione tutte le nostre intelligenze e capacit\u00e0 per orientare AICa3 onlus verso il suo obbiettivo principale: contribuire a trovare una cura alla Distrofia muscolare dei cingoli da deficit di Calpaina 3.<\/p>\n<p>[\/et_pb_text][et_pb_button button_url=&#8221;https:\/\/www.aica3.org\/cms\/wp-content\/uploads\/2022\/06\/Decennale-AICa3.pdf&#8221; button_text=&#8221;Scarica il PDF&#8221; button_alignment=&#8221;center&#8221; button_alignment_tablet=&#8221;center&#8221; button_alignment_last_edited=&#8221;off|tablet&#8221; _builder_version=&#8221;4.17.4&#8243; custom_button=&#8221;on&#8221; button_text_size=&#8221;17px&#8221; button_text_color=&#8221;#ffffff&#8221; button_bg_use_color_gradient=&#8221;on&#8221; button_bg_color_gradient_direction=&#8221;135deg&#8221; button_bg_color_gradient_stops=&#8221;#ffb043 0%|#ff6161 100%&#8221; button_bg_color_gradient_start=&#8221;#ffb043&#8243; button_bg_color_gradient_end=&#8221;#ff6161&#8243; button_border_width=&#8221;0px&#8221; button_border_radius=&#8221;0px&#8221; button_font=&#8221;Montserrat|600|||||||&#8221; button_use_icon=&#8221;off&#8221; transform_scale_last_edited=&#8221;off|desktop&#8221; transform_translate_last_edited=&#8221;off|desktop&#8221; transform_rotate_last_edited=&#8221;off|desktop&#8221; transform_skew_last_edited=&#8221;off|desktop&#8221; transform_origin_tablet=&#8221;50%|50%&#8221; transform_origin_last_edited=&#8221;off|desktop&#8221; transform_styles_last_edited=&#8221;off|desktop&#8221; custom_margin=&#8221;||||false|false&#8221; custom_margin_tablet=&#8221;||||false|false&#8221; custom_margin_phone=&#8221;&#8221; custom_margin_last_edited=&#8221;on|desktop&#8221; custom_padding=&#8221;17px|40px|17px|40px|true|true&#8221; custom_padding_tablet=&#8221;17px||17px||true|true&#8221; custom_padding_last_edited=&#8221;off|tablet&#8221; hover_enabled=&#8221;0&#8243; box_shadow_style=&#8221;preset1&#8243; box_shadow_vertical=&#8221;10px&#8221; box_shadow_color=&#8221;rgba(63,23,145,0.24)&#8221; global_colors_info=&#8221;{}&#8221; transform_origin__hover_enabled=&#8221;on|desktop&#8221; custom_padding__hover=&#8221;|70px||70px|true|true&#8221; custom_padding__hover_enabled=&#8221;off|hover&#8221; transform_styles__hover_enabled=&#8221;on|hover&#8221; transform_scale__hover_enabled=&#8221;on|hover&#8221; transform_translate__hover_enabled=&#8221;on|desktop&#8221; transform_rotate__hover_enabled=&#8221;on|desktop&#8221; transform_skew__hover_enabled=&#8221;on|desktop&#8221; transform_scale__hover=&#8221;110%|110%&#8221; theme_builder_area=&#8221;post_content&#8221; sticky_enabled=&#8221;0&#8243; url_new_window=&#8221;on&#8221;][\/et_pb_button][\/et_pb_column][\/et_pb_row][\/et_pb_section]<\/p>\n","protected":false},"excerpt":{"rendered":"<p>Cari Amici,\u00c8 con grande orgoglio e soddisfazione, permetteteci anche un pochino di emozione, che celebriamo il decennale della costituzione di AICa3 onlus \u2013 Associazione Italiana Calpaina 3, per la lotta alla Distrofiamuscolare dei cingoli. In questi dieci anni di vita molte sono state le attivit\u00e0 di AICa3: Quattro Progetti di ricerca, due Congressi internazionali, il [&hellip;]<\/p>\n","protected":false},"author":4,"featured_media":0,"parent":0,"menu_order":0,"comment_status":"closed","ping_status":"closed","template":"","meta":{"_et_pb_use_builder":"on","_et_pb_old_content":"","_et_gb_content_width":"","footnotes":""},"class_list":["post-3351","page","type-page","status-publish","hentry"],"yoast_head":"<!-- This site is optimized with the Yoast SEO plugin v27.3 - https:\/\/yoast.com\/product\/yoast-seo-wordpress\/ -->\n<title>Decennale AICa3 2012-2022 - AICa3 - ETS - Associazione Italiana Calpaina 3<\/title>\n<meta name=\"robots\" content=\"index, follow, max-snippet:-1, max-image-preview:large, max-video-preview:-1\" \/>\n<link rel=\"canonical\" href=\"https:\/\/www.aica3.org\/cms\/en\/decennale-aica3-2012-2022\/\" \/>\n<meta property=\"og:locale\" content=\"en_GB\" \/>\n<meta property=\"og:type\" content=\"article\" \/>\n<meta property=\"og:title\" content=\"Decennale AICa3 2012-2022 - AICa3 - ETS - Associazione Italiana Calpaina 3\" \/>\n<meta property=\"og:description\" content=\"Cari Amici,\u00c8 con grande orgoglio e soddisfazione, permetteteci anche un pochino di emozione, che celebriamo il decennale della costituzione di AICa3 onlus \u2013 Associazione Italiana Calpaina 3, per la lotta alla Distrofiamuscolare dei cingoli. In questi dieci anni di vita molte sono state le attivit\u00e0 di AICa3: Quattro Progetti di ricerca, due Congressi internazionali, il [&hellip;]\" \/>\n<meta property=\"og:url\" content=\"https:\/\/www.aica3.org\/cms\/en\/decennale-aica3-2012-2022\/\" \/>\n<meta property=\"og:site_name\" content=\"AICa3 - ETS - Associazione Italiana Calpaina 3\" \/>\n<meta property=\"article:publisher\" content=\"http:\/\/www.facebook.com\/pages\/AICa3-Associazione-Italiana-Calpaina-3\/119599211561350\" \/>\n<meta property=\"article:modified_time\" content=\"2022-06-22T12:57:04+00:00\" \/>\n<meta name=\"twitter:label1\" content=\"Estimated reading time\" \/>\n\t<meta name=\"twitter:data1\" content=\"4 minutes\" \/>\n<script type=\"application\/ld+json\" class=\"yoast-schema-graph\">{\"@context\":\"https:\\\/\\\/schema.org\",\"@graph\":[{\"@type\":\"WebPage\",\"@id\":\"https:\\\/\\\/www.aica3.org\\\/cms\\\/decennale-aica3-2012-2022\\\/\",\"url\":\"https:\\\/\\\/www.aica3.org\\\/cms\\\/decennale-aica3-2012-2022\\\/\",\"name\":\"Decennale AICa3 2012-2022 - AICa3 - ETS - Associazione Italiana Calpaina 3\",\"isPartOf\":{\"@id\":\"https:\\\/\\\/www.aica3.org\\\/cms\\\/#website\"},\"datePublished\":\"2022-06-22T11:44:38+00:00\",\"dateModified\":\"2022-06-22T12:57:04+00:00\",\"breadcrumb\":{\"@id\":\"https:\\\/\\\/www.aica3.org\\\/cms\\\/decennale-aica3-2012-2022\\\/#breadcrumb\"},\"inLanguage\":\"en-GB\",\"potentialAction\":[{\"@type\":\"ReadAction\",\"target\":[\"https:\\\/\\\/www.aica3.org\\\/cms\\\/decennale-aica3-2012-2022\\\/\"]}]},{\"@type\":\"BreadcrumbList\",\"@id\":\"https:\\\/\\\/www.aica3.org\\\/cms\\\/decennale-aica3-2012-2022\\\/#breadcrumb\",\"itemListElement\":[{\"@type\":\"ListItem\",\"position\":1,\"name\":\"Home\",\"item\":\"https:\\\/\\\/www.aica3.org\\\/cms\\\/\"},{\"@type\":\"ListItem\",\"position\":2,\"name\":\"Decennale AICa3 2012-2022\"}]},{\"@type\":\"WebSite\",\"@id\":\"https:\\\/\\\/www.aica3.org\\\/cms\\\/#website\",\"url\":\"https:\\\/\\\/www.aica3.org\\\/cms\\\/\",\"name\":\"AICa3 - ETS - Associazione Italiana Calpaina 3\",\"description\":\"Sito ufficiale dell\u2019Associazione Italiana Calpaina 3 per la lotta alla Distrofia Muscolare dei cingoli da deficit di Calpaina 3.\",\"potentialAction\":[{\"@type\":\"SearchAction\",\"target\":{\"@type\":\"EntryPoint\",\"urlTemplate\":\"https:\\\/\\\/www.aica3.org\\\/cms\\\/?s={search_term_string}\"},\"query-input\":{\"@type\":\"PropertyValueSpecification\",\"valueRequired\":true,\"valueName\":\"search_term_string\"}}],\"inLanguage\":\"en-GB\"}]}<\/script>\n<!-- \/ Yoast SEO plugin. -->","yoast_head_json":{"title":"Decennale AICa3 2012-2022 - AICa3 - ETS - Associazione Italiana Calpaina 3","robots":{"index":"index","follow":"follow","max-snippet":"max-snippet:-1","max-image-preview":"max-image-preview:large","max-video-preview":"max-video-preview:-1"},"canonical":"https:\/\/www.aica3.org\/cms\/en\/decennale-aica3-2012-2022\/","og_locale":"en_GB","og_type":"article","og_title":"Decennale AICa3 2012-2022 - AICa3 - ETS - Associazione Italiana Calpaina 3","og_description":"Cari Amici,\u00c8 con grande orgoglio e soddisfazione, permetteteci anche un pochino di emozione, che celebriamo il decennale della costituzione di AICa3 onlus \u2013 Associazione Italiana Calpaina 3, per la lotta alla Distrofiamuscolare dei cingoli. In questi dieci anni di vita molte sono state le attivit\u00e0 di AICa3: Quattro Progetti di ricerca, due Congressi internazionali, il [&hellip;]","og_url":"https:\/\/www.aica3.org\/cms\/en\/decennale-aica3-2012-2022\/","og_site_name":"AICa3 - ETS - Associazione Italiana Calpaina 3","article_publisher":"http:\/\/www.facebook.com\/pages\/AICa3-Associazione-Italiana-Calpaina-3\/119599211561350","article_modified_time":"2022-06-22T12:57:04+00:00","twitter_misc":{"Estimated reading time":"4 minutes"},"schema":{"@context":"https:\/\/schema.org","@graph":[{"@type":"WebPage","@id":"https:\/\/www.aica3.org\/cms\/decennale-aica3-2012-2022\/","url":"https:\/\/www.aica3.org\/cms\/decennale-aica3-2012-2022\/","name":"Decennale AICa3 2012-2022 - AICa3 - ETS - Associazione Italiana Calpaina 3","isPartOf":{"@id":"https:\/\/www.aica3.org\/cms\/#website"},"datePublished":"2022-06-22T11:44:38+00:00","dateModified":"2022-06-22T12:57:04+00:00","breadcrumb":{"@id":"https:\/\/www.aica3.org\/cms\/decennale-aica3-2012-2022\/#breadcrumb"},"inLanguage":"en-GB","potentialAction":[{"@type":"ReadAction","target":["https:\/\/www.aica3.org\/cms\/decennale-aica3-2012-2022\/"]}]},{"@type":"BreadcrumbList","@id":"https:\/\/www.aica3.org\/cms\/decennale-aica3-2012-2022\/#breadcrumb","itemListElement":[{"@type":"ListItem","position":1,"name":"Home","item":"https:\/\/www.aica3.org\/cms\/"},{"@type":"ListItem","position":2,"name":"Decennale AICa3 2012-2022"}]},{"@type":"WebSite","@id":"https:\/\/www.aica3.org\/cms\/#website","url":"https:\/\/www.aica3.org\/cms\/","name":"AICa3 - ETS - Associazione Italiana Calpaina 3","description":"Sito ufficiale dell\u2019Associazione Italiana Calpaina 3 per la lotta alla Distrofia Muscolare dei cingoli da deficit di Calpaina 3.","potentialAction":[{"@type":"SearchAction","target":{"@type":"EntryPoint","urlTemplate":"https:\/\/www.aica3.org\/cms\/?s={search_term_string}"},"query-input":{"@type":"PropertyValueSpecification","valueRequired":true,"valueName":"search_term_string"}}],"inLanguage":"en-GB"}]}},"_links":{"self":[{"href":"https:\/\/www.aica3.org\/cms\/en\/wp-json\/wp\/v2\/pages\/3351","targetHints":{"allow":["GET"]}}],"collection":[{"href":"https:\/\/www.aica3.org\/cms\/en\/wp-json\/wp\/v2\/pages"}],"about":[{"href":"https:\/\/www.aica3.org\/cms\/en\/wp-json\/wp\/v2\/types\/page"}],"author":[{"embeddable":true,"href":"https:\/\/www.aica3.org\/cms\/en\/wp-json\/wp\/v2\/users\/4"}],"replies":[{"embeddable":true,"href":"https:\/\/www.aica3.org\/cms\/en\/wp-json\/wp\/v2\/comments?post=3351"}],"version-history":[{"count":0,"href":"https:\/\/www.aica3.org\/cms\/en\/wp-json\/wp\/v2\/pages\/3351\/revisions"}],"wp:attachment":[{"href":"https:\/\/www.aica3.org\/cms\/en\/wp-json\/wp\/v2\/media?parent=3351"}],"curies":[{"name":"wp","href":"https:\/\/api.w.org\/{rel}","templated":true}]}}