{"id":1846,"date":"2016-10-05T11:17:10","date_gmt":"2016-10-05T09:17:10","guid":{"rendered":"https:\/\/www.aica3.org\/cms\/?page_id=1846"},"modified":"2021-12-16T14:47:59","modified_gmt":"2021-12-16T13:47:59","slug":"video-1-convegno-distrofia-muscolare-dei-cingoli-da-deficit-di-calpaina-3","status":"publish","type":"page","link":"https:\/\/www.aica3.org\/cms\/distrofie-dei-cingoli\/video-1-convegno-distrofia-muscolare-dei-cingoli-da-deficit-di-calpaina-3\/","title":{"rendered":"1\u00b0 Convegno Distrofia muscolare dei cingoli da deficit di Calpaina 3"},"content":{"rendered":"<p>[et_pb_section fb_built=&#8221;1&#8243; _builder_version=&#8221;3.22&#8243; global_colors_info=&#8221;{}&#8221;][et_pb_row _builder_version=&#8221;3.25&#8243; background_size=&#8221;initial&#8221; background_position=&#8221;top_left&#8221; background_repeat=&#8221;repeat&#8221; global_colors_info=&#8221;{}&#8221;][et_pb_column type=&#8221;4_4&#8243; _builder_version=&#8221;3.25&#8243; custom_padding=&#8221;|||&#8221; global_colors_info=&#8221;{}&#8221; custom_padding__hover=&#8221;|||&#8221;][et_pb_text _builder_version=&#8221;4.14.2&#8243; background_size=&#8221;initial&#8221; background_position=&#8221;top_left&#8221; background_repeat=&#8221;repeat&#8221; hover_enabled=&#8221;0&#8243; global_colors_info=&#8221;{}&#8221; sticky_enabled=&#8221;0&#8243;]<\/p>\n<p style=\"text-align: justify;\">Sabato 14 novembre 2015: PRIMO CONVEGNO ITALIANO sulla Distrofia Muscolare dei cingoli da deficit di Calpaina 3. Promosso ed organizzato da AICa3 ONLUS in collaborazione con La Nostra Famiglia di Bosisio Parini e la FONDAZIONE CA&#8217; GRANDA Ospedale Maggiore &#8220;Policlinico&#8221; di Milano.<\/p>\n<p style=\"text-align: justify;\">E&#8217; stato un giorno di lavoro, di approfondimento, ma soprattutto \u00e8 stato un giorno di festa, in quanto celebriamo davvero il conseguimento di un risultato che sembrava un sogno.<\/p>\n<p style=\"text-align: justify;\">Qualche anno fa, pensare di raggiungere quello che siamo riusciti a fare sembrava quasi favoleggiare, un\u2019utopia. Ma cos\u00ec non \u00e8 stato, a 4 anni dalla fondazione di AICa3 siamo di fronte ad un qualcosa di concreto: confrontarsi sulla Distrofia muscolare dei cingoli da deficit di Calpaina 3, dal gene al paziente. S\u00ec, il paziente, perch\u00e9 dietro una malattia c\u2019\u00e8 sempre una persona col proprio vissuto, la propria storia, che chiede solamente di essere aiutata.<\/p>\n<p style=\"text-align: justify;\">Mi auguro di essere riusciti nel nostro intento di offrire una conoscenza pi\u00f9 chiara e allo stesso tempo complessa della Distrofia dei cingoli da deficit di Calpaina 3, offrendo spunti di riflessione e aiutando a trovare delle risposte, anche quelle non esaustive.<\/p>\n<p style=\"text-align: justify;\">Abbiamo voluto qui, ricercatori, medici e pazienti perch\u00e9 crediamo nella circolarit\u00e0 della comunicazione, affinch\u00e9 il convegno fosse un momento di condivisione di un problema che va ben al di l\u00e0 del semplice disturbo funzionale che limita e compromette il normale svolgimento della vita e delle relazioni di coloro affetti da distrofia, il loro adattamento, la motivazione a continuare, il loro desiderio di riuscire, col rischio di abbassare drasticamente il senso di fiducia in se stessi.<\/p>\n<p style=\"text-align: justify;\">Abbiamo chiamato a confrontarsi competenze e sensibilit\u00e0 diverse: dal mondo della ricerca a quello dell&#8217;evidenza clinica; da AICa3 quale associazione di pazienti, ai pazienti stessi con la loro capacit\u00e0 di raccontare la malattia. Relatori capaci di analizzare la situazione attuale nei suoi molteplici aspetti e di interpretare le implicazioni e le prospettive che comporta affrontare questo cammino e gli strumenti a disposizione per raggiungere il nostro obbiettivo.<\/p>\n<p style=\"text-align: justify;\">L\u2019attenzione e l\u2019interesse con cui il convegno \u00e8 stato seguito, testimoniano la percezione condivisa della necessit\u00e0 di un confronto e di una responsabilizzazione che coinvolgano il mondo della ricerca e l&#8217;Associazione Italiana Calpaina 3, soprattutto con l\u2019obiettivo di aprire prospettive positive nei prossimi anni.<\/p>\n<p style=\"text-align: justify;\"><strong>Puoi consultare il nostro canale Youtube:<\/strong><br \/>\n &#8211; <a href=\"https:\/\/www.youtube.com\/playlist?list=PLUDYXehN3wAU5pUVwXGV6hG5C2HqFRxyl\" target=\"_blank\" rel=\"noopener\">https:\/\/www.youtube.com\/playlist?list=PLUDYXehN3wAU5pUVwXGV6hG5C2HqFRxyl<\/a><\/p>\n<p> Oppure \u00e8 visualizzare gli interventi direttamente qui di seguito.<\/p>\n<hr \/>\n<p>[\/et_pb_text][\/et_pb_column][\/et_pb_row][et_pb_row column_structure=&#8221;1_3,1_3,1_3&#8243; _builder_version=&#8221;4.14.2&#8243; _module_preset=&#8221;default&#8221; global_colors_info=&#8221;{}&#8221;][et_pb_column type=&#8221;1_3&#8243; _builder_version=&#8221;4.14.2&#8243; _module_preset=&#8221;default&#8221; global_colors_info=&#8221;{}&#8221;][et_pb_video src=&#8221;https:\/\/youtu.be\/IZxcVhPdIh0&#8243; _builder_version=&#8221;4.14.2&#8243; _module_preset=&#8221;default&#8221; global_colors_info=&#8221;{}&#8221;][\/et_pb_video][\/et_pb_column][et_pb_column type=&#8221;1_3&#8243; _builder_version=&#8221;4.14.2&#8243; _module_preset=&#8221;default&#8221; global_colors_info=&#8221;{}&#8221;][et_pb_video src=&#8221;https:\/\/youtu.be\/iKox91FAfcM&#8221; _builder_version=&#8221;4.14.2&#8243; _module_preset=&#8221;default&#8221; global_colors_info=&#8221;{}&#8221;][\/et_pb_video][\/et_pb_column][et_pb_column type=&#8221;1_3&#8243; _builder_version=&#8221;4.14.2&#8243; _module_preset=&#8221;default&#8221; global_colors_info=&#8221;{}&#8221;][et_pb_video src=&#8221;https:\/\/youtu.be\/pw35V8vJx10&#8243; _builder_version=&#8221;4.14.2&#8243; _module_preset=&#8221;default&#8221; global_colors_info=&#8221;{}&#8221;][\/et_pb_video][\/et_pb_column][\/et_pb_row][et_pb_row column_structure=&#8221;1_3,1_3,1_3&#8243; _builder_version=&#8221;4.14.2&#8243; _module_preset=&#8221;default&#8221; global_colors_info=&#8221;{}&#8221;][et_pb_column type=&#8221;1_3&#8243; _builder_version=&#8221;4.14.2&#8243; _module_preset=&#8221;default&#8221; global_colors_info=&#8221;{}&#8221;][et_pb_video src=&#8221;https:\/\/youtu.be\/yXf2bOlmZ30&#8243; _builder_version=&#8221;4.14.2&#8243; _module_preset=&#8221;default&#8221; global_colors_info=&#8221;{}&#8221;][\/et_pb_video][\/et_pb_column][et_pb_column type=&#8221;1_3&#8243; _builder_version=&#8221;4.14.2&#8243; _module_preset=&#8221;default&#8221; global_colors_info=&#8221;{}&#8221;][et_pb_video src=&#8221;https:\/\/youtu.be\/ridhL9QswlQ&#8221; _builder_version=&#8221;4.14.2&#8243; _module_preset=&#8221;default&#8221; global_colors_info=&#8221;{}&#8221;][\/et_pb_video][\/et_pb_column][et_pb_column type=&#8221;1_3&#8243; _builder_version=&#8221;4.14.2&#8243; _module_preset=&#8221;default&#8221; global_colors_info=&#8221;{}&#8221;][et_pb_video src=&#8221;https:\/\/youtu.be\/Utw0W_LSerI&#8221; _builder_version=&#8221;4.14.2&#8243; _module_preset=&#8221;default&#8221; global_colors_info=&#8221;{}&#8221;][\/et_pb_video][\/et_pb_column][\/et_pb_row][et_pb_row column_structure=&#8221;1_3,1_3,1_3&#8243; _builder_version=&#8221;4.14.2&#8243; _module_preset=&#8221;default&#8221; global_colors_info=&#8221;{}&#8221;][et_pb_column type=&#8221;1_3&#8243; _builder_version=&#8221;4.14.2&#8243; _module_preset=&#8221;default&#8221; global_colors_info=&#8221;{}&#8221;][et_pb_video src=&#8221;https:\/\/youtu.be\/qvof6fjNtx8&#8243; _builder_version=&#8221;4.14.2&#8243; _module_preset=&#8221;default&#8221; global_colors_info=&#8221;{}&#8221;][\/et_pb_video][\/et_pb_column][et_pb_column type=&#8221;1_3&#8243; _builder_version=&#8221;4.14.2&#8243; _module_preset=&#8221;default&#8221; global_colors_info=&#8221;{}&#8221;][et_pb_video src=&#8221;https:\/\/youtu.be\/hIPR1vNYKCE&#8221; _builder_version=&#8221;4.14.2&#8243; _module_preset=&#8221;default&#8221; global_colors_info=&#8221;{}&#8221;][\/et_pb_video][\/et_pb_column][et_pb_column type=&#8221;1_3&#8243; _builder_version=&#8221;4.14.2&#8243; _module_preset=&#8221;default&#8221; global_colors_info=&#8221;{}&#8221;][et_pb_video src=&#8221;https:\/\/youtu.be\/li0L3GJjYF0&#8243; _builder_version=&#8221;4.14.2&#8243; _module_preset=&#8221;default&#8221; global_colors_info=&#8221;{}&#8221;][\/et_pb_video][\/et_pb_column][\/et_pb_row][et_pb_row column_structure=&#8221;1_3,1_3,1_3&#8243; _builder_version=&#8221;4.14.2&#8243; _module_preset=&#8221;default&#8221; global_colors_info=&#8221;{}&#8221;][et_pb_column type=&#8221;1_3&#8243; _builder_version=&#8221;4.14.2&#8243; _module_preset=&#8221;default&#8221; global_colors_info=&#8221;{}&#8221;][et_pb_video src=&#8221;https:\/\/youtu.be\/LzwlMSJE1Ks&#8221; _builder_version=&#8221;4.14.2&#8243; _module_preset=&#8221;default&#8221; global_colors_info=&#8221;{}&#8221;][\/et_pb_video][\/et_pb_column][et_pb_column type=&#8221;1_3&#8243; _builder_version=&#8221;4.14.2&#8243; _module_preset=&#8221;default&#8221; global_colors_info=&#8221;{}&#8221;][et_pb_video src=&#8221;https:\/\/youtu.be\/_hOIFiV7eo8&#8243; _builder_version=&#8221;4.14.2&#8243; _module_preset=&#8221;default&#8221; global_colors_info=&#8221;{}&#8221;][\/et_pb_video][\/et_pb_column][et_pb_column type=&#8221;1_3&#8243; _builder_version=&#8221;4.14.2&#8243; _module_preset=&#8221;default&#8221; global_colors_info=&#8221;{}&#8221;][et_pb_video src=&#8221;https:\/\/youtu.be\/vgHe5wAZT5c&#8221; _builder_version=&#8221;4.14.2&#8243; _module_preset=&#8221;default&#8221; global_colors_info=&#8221;{}&#8221;][\/et_pb_video][\/et_pb_column][\/et_pb_row][et_pb_row column_structure=&#8221;1_3,1_3,1_3&#8243; _builder_version=&#8221;4.14.2&#8243; _module_preset=&#8221;default&#8221; global_colors_info=&#8221;{}&#8221;][et_pb_column type=&#8221;1_3&#8243; _builder_version=&#8221;4.14.2&#8243; _module_preset=&#8221;default&#8221; global_colors_info=&#8221;{}&#8221;][et_pb_video src=&#8221;https:\/\/youtu.be\/DVqL5O2kGoM&#8221; _builder_version=&#8221;4.14.2&#8243; _module_preset=&#8221;default&#8221; global_colors_info=&#8221;{}&#8221;][\/et_pb_video][\/et_pb_column][et_pb_column type=&#8221;1_3&#8243; _builder_version=&#8221;4.14.2&#8243; _module_preset=&#8221;default&#8221; global_colors_info=&#8221;{}&#8221;][et_pb_video src=&#8221;https:\/\/youtu.be\/qlTayE6YPA8&#8243; _builder_version=&#8221;4.14.2&#8243; _module_preset=&#8221;default&#8221; global_colors_info=&#8221;{}&#8221;][\/et_pb_video][\/et_pb_column][et_pb_column type=&#8221;1_3&#8243; _builder_version=&#8221;4.14.2&#8243; _module_preset=&#8221;default&#8221; global_colors_info=&#8221;{}&#8221;][et_pb_video src=&#8221;https:\/\/youtu.be\/_xZvS7waaT0&#8243; _builder_version=&#8221;4.14.2&#8243; _module_preset=&#8221;default&#8221; global_colors_info=&#8221;{}&#8221;][\/et_pb_video][\/et_pb_column][\/et_pb_row][et_pb_row column_structure=&#8221;1_3,1_3,1_3&#8243; _builder_version=&#8221;4.14.2&#8243; _module_preset=&#8221;default&#8221; hover_enabled=&#8221;0&#8243; global_colors_info=&#8221;{}&#8221; sticky_enabled=&#8221;0&#8243;][et_pb_column type=&#8221;1_3&#8243; _builder_version=&#8221;4.14.2&#8243; _module_preset=&#8221;default&#8221; global_colors_info=&#8221;{}&#8221;][et_pb_video src=&#8221;https:\/\/youtu.be\/ecKMrPs9s_A&#8221; _builder_version=&#8221;4.14.2&#8243; _module_preset=&#8221;default&#8221; global_colors_info=&#8221;{}&#8221;][\/et_pb_video][\/et_pb_column][et_pb_column type=&#8221;1_3&#8243; _builder_version=&#8221;4.14.2&#8243; _module_preset=&#8221;default&#8221; global_colors_info=&#8221;{}&#8221;][et_pb_video src=&#8221;https:\/\/youtu.be\/X7BJh5cyFH0&#8243; _builder_version=&#8221;4.14.2&#8243; _module_preset=&#8221;default&#8221; global_colors_info=&#8221;{}&#8221;][\/et_pb_video][\/et_pb_column][et_pb_column type=&#8221;1_3&#8243; _builder_version=&#8221;4.14.2&#8243; _module_preset=&#8221;default&#8221; global_colors_info=&#8221;{}&#8221;][et_pb_video src=&#8221;https:\/\/youtu.be\/57N3pTqj9Jk&#8221; _builder_version=&#8221;4.14.2&#8243; _module_preset=&#8221;default&#8221; global_colors_info=&#8221;{}&#8221;][\/et_pb_video][\/et_pb_column][\/et_pb_row][\/et_pb_section]<\/p>\n","protected":false},"excerpt":{"rendered":"<p>Sabato 14 novembre 2015: PRIMO CONVEGNO ITALIANO sulla Distrofia Muscolare dei cingoli da deficit di Calpaina 3. Promosso ed organizzato da AICa3 ONLUS in collaborazione con La Nostra Famiglia di Bosisio Parini e la FONDAZIONE CA&#8217; GRANDA Ospedale Maggiore &#8220;Policlinico&#8221; di Milano. E&#8217; stato un giorno di lavoro, di approfondimento, ma soprattutto \u00e8 stato un [&hellip;]<\/p>\n","protected":false},"author":4,"featured_media":0,"parent":586,"menu_order":0,"comment_status":"closed","ping_status":"closed","template":"","meta":{"_et_pb_use_builder":"on","_et_pb_old_content":"<p style=\"text-align: justify;\">Sabato 14 novembre 2015: PRIMO CONVEGNO ITALIANO sulla Distrofia Muscolare dei cingoli da deficit di Calpaina 3. Promosso ed organizzato da AICa3 ONLUS in collaborazione con La Nostra Famiglia di Bosisio Parini e la FONDAZIONE CA' GRANDA Ospedale Maggiore \"Policlinico\" di Milano.<\/p>\r\n<p style=\"text-align: justify;\">E' stato un giorno di lavoro, di approfondimento, ma soprattutto \u00e8 stato un giorno di festa, in quanto celebriamo davvero il conseguimento di un risultato che sembrava un sogno.<\/p>\r\n<p style=\"text-align: justify;\">Qualche anno fa, pensare di raggiungere quello che siamo riusciti a fare sembrava quasi favoleggiare, un\u2019utopia. Ma cos\u00ec non \u00e8 stato, a 4 anni dalla fondazione di AICa3 siamo di fronte ad un qualcosa di concreto: confrontarsi sulla Distrofia muscolare dei cingoli da deficit di Calpaina 3, dal gene al paziente. S\u00ec, il paziente, perch\u00e9 dietro una malattia c\u2019\u00e8 sempre una persona col proprio vissuto, la propria storia, che chiede solamente di essere aiutata.<\/p>\r\n<p style=\"text-align: justify;\">Mi auguro di essere riusciti nel nostro intento di offrire una conoscenza pi\u00f9 chiara e allo stesso tempo complessa della Distrofia dei cingoli da deficit di Calpaina 3, offrendo spunti di riflessione e aiutando a trovare delle risposte, anche quelle non esaustive.<\/p>\r\n<p style=\"text-align: justify;\">Abbiamo voluto qui, ricercatori, medici e pazienti perch\u00e9 crediamo nella circolarit\u00e0 della comunicazione, affinch\u00e9 il convegno fosse un momento di condivisione di un problema che va ben al di l\u00e0 del semplice disturbo funzionale che limita e compromette il normale svolgimento della vita e delle relazioni di coloro affetti da distrofia, il loro adattamento, la motivazione a continuare, il loro desiderio di riuscire, col rischio di abbassare drasticamente il senso di fiducia in se stessi.<\/p>\r\n<p style=\"text-align: justify;\">Abbiamo chiamato a confrontarsi competenze e sensibilit\u00e0 diverse: dal mondo della ricerca a quello dell'evidenza clinica; da AICa3 quale associazione di pazienti, ai pazienti stessi con la loro capacit\u00e0 di raccontare la malattia. Relatori capaci di analizzare la situazione attuale nei suoi molteplici aspetti e di interpretare le implicazioni e le prospettive che comporta affrontare questo cammino e gli strumenti a disposizione per raggiungere il nostro obbiettivo.<\/p>\r\n<p style=\"text-align: justify;\">L\u2019attenzione e l\u2019interesse con cui il convegno \u00e8 stato seguito, testimoniano la percezione condivisa della necessit\u00e0 di un confronto e di una responsabilizzazione che coinvolgano il mondo della ricerca e l'Associazione Italiana Calpaina 3, soprattutto con l\u2019obiettivo di aprire prospettive positive nei prossimi anni.<\/p>\r\n<p style=\"text-align: justify;\"><strong>Puoi consultare il nostro canale Youtube:<\/strong><br \/>\r\n - <a href=\"https:\/\/www.youtube.com\/playlist?list=PLUDYXehN3wAU5pUVwXGV6hG5C2HqFRxyl\" target=\"_blank\">https:\/\/www.youtube.com\/playlist?list=PLUDYXehN3wAU5pUVwXGV6hG5C2HqFRxyl<\/a><br \/>\r\n <br \/>\r\n Oppure \u00e8 visualizzare gli interventi direttamente qui di seguito.<\/p>\r\n<hr \/>\r\n<p><iframe src=\"https:\/\/www.youtube.com\/embed\/IZxcVhPdIh0\" width=\"310\" height=\"235\" frameborder=\"0\" allowfullscreen=\"allowfullscreen\"><\/iframe> <iframe src=\"https:\/\/www.youtube.com\/embed\/iKox91FAfcM\" width=\"310\" height=\"235\" frameborder=\"0\" allowfullscreen=\"allowfullscreen\"><\/iframe> <iframe src=\"https:\/\/www.youtube.com\/embed\/pw35V8vJx10\" width=\"310\" height=\"235\" frameborder=\"0\" allowfullscreen=\"allowfullscreen\"><\/iframe> <iframe src=\"https:\/\/www.youtube.com\/embed\/yXf2bOlmZ30\" width=\"310\" height=\"235\" frameborder=\"0\" allowfullscreen=\"allowfullscreen\"><\/iframe> <iframe src=\"https:\/\/www.youtube.com\/embed\/ridhL9QswlQ\" width=\"310\" height=\"235\" frameborder=\"0\" allowfullscreen=\"allowfullscreen\"><\/iframe> <iframe src=\"https:\/\/www.youtube.com\/embed\/Utw0W_LSerI\" width=\"310\" height=\"235\" frameborder=\"0\" allowfullscreen=\"allowfullscreen\"><\/iframe> <iframe src=\"https:\/\/www.youtube.com\/embed\/qvof6fjNtx8\" width=\"310\" height=\"235\" frameborder=\"0\" allowfullscreen=\"allowfullscreen\"><\/iframe> <iframe src=\"https:\/\/www.youtube.com\/embed\/hIPR1vNYKCE\" width=\"310\" height=\"235\" frameborder=\"0\" allowfullscreen=\"allowfullscreen\"><\/iframe> <iframe src=\"https:\/\/www.youtube.com\/embed\/li0L3GJjYF0\" width=\"310\" height=\"235\" frameborder=\"0\" allowfullscreen=\"allowfullscreen\"><\/iframe> <iframe src=\"https:\/\/www.youtube.com\/embed\/LzwlMSJE1Ks\" width=\"310\" height=\"235\" frameborder=\"0\" allowfullscreen=\"allowfullscreen\"><\/iframe> <iframe src=\"https:\/\/www.youtube.com\/embed\/_hOIFiV7eo8\" width=\"310\" height=\"235\" frameborder=\"0\" allowfullscreen=\"allowfullscreen\"><\/iframe> <iframe src=\"https:\/\/www.youtube.com\/embed\/vgHe5wAZT5c\" width=\"310\" height=\"235\" frameborder=\"0\" allowfullscreen=\"allowfullscreen\"><\/iframe> <iframe src=\"https:\/\/www.youtube.com\/embed\/DVqL5O2kGoM\" width=\"310\" height=\"235\" frameborder=\"0\" allowfullscreen=\"allowfullscreen\"><\/iframe> <iframe src=\"https:\/\/www.youtube.com\/embed\/qlTayE6YPA8\" width=\"310\" height=\"235\" frameborder=\"0\" allowfullscreen=\"allowfullscreen\"><\/iframe> <iframe src=\"https:\/\/www.youtube.com\/embed\/_xZvS7waaT0\" width=\"310\" height=\"235\" frameborder=\"0\" allowfullscreen=\"allowfullscreen\"><\/iframe> <iframe src=\"https:\/\/www.youtube.com\/embed\/ecKMrPs9s_A\" width=\"310\" height=\"235\" frameborder=\"0\" allowfullscreen=\"allowfullscreen\"><\/iframe> <iframe src=\"https:\/\/www.youtube.com\/embed\/X7BJh5cyFH0\" width=\"310\" height=\"235\" frameborder=\"0\" allowfullscreen=\"allowfullscreen\"><\/iframe> <iframe src=\"https:\/\/www.youtube.com\/embed\/57N3pTqj9Jk\" width=\"310\" height=\"235\" frameborder=\"0\" allowfullscreen=\"allowfullscreen\"><\/iframe><\/p>","_et_gb_content_width":"","footnotes":""},"class_list":["post-1846","page","type-page","status-publish","hentry"],"yoast_head":"<!-- This site is optimized with the Yoast SEO plugin v27.3 - https:\/\/yoast.com\/product\/yoast-seo-wordpress\/ -->\n<title>1\u00b0 Convegno Distrofia muscolare dei cingoli da deficit di Calpaina 3 - AICa3 - ETS - Associazione Italiana Calpaina 3<\/title>\n<meta name=\"robots\" content=\"index, follow, max-snippet:-1, max-image-preview:large, max-video-preview:-1\" \/>\n<link rel=\"canonical\" href=\"https:\/\/www.aica3.org\/cms\/distrofie-dei-cingoli\/video-1-convegno-distrofia-muscolare-dei-cingoli-da-deficit-di-calpaina-3\/\" \/>\n<meta property=\"og:locale\" content=\"it_IT\" \/>\n<meta property=\"og:type\" content=\"article\" \/>\n<meta property=\"og:title\" content=\"1\u00b0 Convegno Distrofia muscolare dei cingoli da deficit di Calpaina 3 - AICa3 - ETS - Associazione Italiana Calpaina 3\" \/>\n<meta property=\"og:description\" content=\"Sabato 14 novembre 2015: PRIMO CONVEGNO ITALIANO sulla Distrofia Muscolare dei cingoli da deficit di Calpaina 3. Promosso ed organizzato da AICa3 ONLUS in collaborazione con La Nostra Famiglia di Bosisio Parini e la FONDAZIONE CA&#039; GRANDA Ospedale Maggiore &quot;Policlinico&quot; di Milano. E&#039; stato un giorno di lavoro, di approfondimento, ma soprattutto \u00e8 stato un [&hellip;]\" \/>\n<meta property=\"og:url\" content=\"https:\/\/www.aica3.org\/cms\/distrofie-dei-cingoli\/video-1-convegno-distrofia-muscolare-dei-cingoli-da-deficit-di-calpaina-3\/\" \/>\n<meta property=\"og:site_name\" content=\"AICa3 - ETS - Associazione Italiana Calpaina 3\" \/>\n<meta property=\"article:publisher\" content=\"http:\/\/www.facebook.com\/pages\/AICa3-Associazione-Italiana-Calpaina-3\/119599211561350\" \/>\n<meta property=\"article:modified_time\" content=\"2021-12-16T13:47:59+00:00\" \/>\n<meta name=\"twitter:label1\" content=\"Tempo di lettura stimato\" \/>\n\t<meta name=\"twitter:data1\" content=\"6 minuti\" \/>\n<script type=\"application\/ld+json\" class=\"yoast-schema-graph\">{\"@context\":\"https:\\\/\\\/schema.org\",\"@graph\":[{\"@type\":\"WebPage\",\"@id\":\"https:\\\/\\\/www.aica3.org\\\/cms\\\/distrofie-dei-cingoli\\\/video-1-convegno-distrofia-muscolare-dei-cingoli-da-deficit-di-calpaina-3\\\/\",\"url\":\"https:\\\/\\\/www.aica3.org\\\/cms\\\/distrofie-dei-cingoli\\\/video-1-convegno-distrofia-muscolare-dei-cingoli-da-deficit-di-calpaina-3\\\/\",\"name\":\"1\u00b0 Convegno Distrofia muscolare dei cingoli da deficit di Calpaina 3 - AICa3 - ETS - Associazione Italiana Calpaina 3\",\"isPartOf\":{\"@id\":\"https:\\\/\\\/www.aica3.org\\\/cms\\\/#website\"},\"datePublished\":\"2016-10-05T09:17:10+00:00\",\"dateModified\":\"2021-12-16T13:47:59+00:00\",\"breadcrumb\":{\"@id\":\"https:\\\/\\\/www.aica3.org\\\/cms\\\/distrofie-dei-cingoli\\\/video-1-convegno-distrofia-muscolare-dei-cingoli-da-deficit-di-calpaina-3\\\/#breadcrumb\"},\"inLanguage\":\"it-IT\",\"potentialAction\":[{\"@type\":\"ReadAction\",\"target\":[\"https:\\\/\\\/www.aica3.org\\\/cms\\\/distrofie-dei-cingoli\\\/video-1-convegno-distrofia-muscolare-dei-cingoli-da-deficit-di-calpaina-3\\\/\"]}]},{\"@type\":\"BreadcrumbList\",\"@id\":\"https:\\\/\\\/www.aica3.org\\\/cms\\\/distrofie-dei-cingoli\\\/video-1-convegno-distrofia-muscolare-dei-cingoli-da-deficit-di-calpaina-3\\\/#breadcrumb\",\"itemListElement\":[{\"@type\":\"ListItem\",\"position\":1,\"name\":\"Home\",\"item\":\"https:\\\/\\\/www.aica3.org\\\/cms\\\/\"},{\"@type\":\"ListItem\",\"position\":2,\"name\":\"Distrofie dei Cingoli\",\"item\":\"https:\\\/\\\/www.aica3.org\\\/cms\\\/distrofie-dei-cingoli\\\/\"},{\"@type\":\"ListItem\",\"position\":3,\"name\":\"1\u00b0 Convegno Distrofia muscolare dei cingoli da deficit di Calpaina 3\"}]},{\"@type\":\"WebSite\",\"@id\":\"https:\\\/\\\/www.aica3.org\\\/cms\\\/#website\",\"url\":\"https:\\\/\\\/www.aica3.org\\\/cms\\\/\",\"name\":\"AICa3 - ETS - Associazione Italiana Calpaina 3\",\"description\":\"Sito ufficiale dell\u2019Associazione Italiana Calpaina 3 per la lotta alla Distrofia Muscolare dei cingoli da deficit di Calpaina 3.\",\"potentialAction\":[{\"@type\":\"SearchAction\",\"target\":{\"@type\":\"EntryPoint\",\"urlTemplate\":\"https:\\\/\\\/www.aica3.org\\\/cms\\\/?s={search_term_string}\"},\"query-input\":{\"@type\":\"PropertyValueSpecification\",\"valueRequired\":true,\"valueName\":\"search_term_string\"}}],\"inLanguage\":\"it-IT\"}]}<\/script>\n<!-- \/ Yoast SEO plugin. -->","yoast_head_json":{"title":"1\u00b0 Convegno Distrofia muscolare dei cingoli da deficit di Calpaina 3 - AICa3 - ETS - Associazione Italiana Calpaina 3","robots":{"index":"index","follow":"follow","max-snippet":"max-snippet:-1","max-image-preview":"max-image-preview:large","max-video-preview":"max-video-preview:-1"},"canonical":"https:\/\/www.aica3.org\/cms\/distrofie-dei-cingoli\/video-1-convegno-distrofia-muscolare-dei-cingoli-da-deficit-di-calpaina-3\/","og_locale":"it_IT","og_type":"article","og_title":"1\u00b0 Convegno Distrofia muscolare dei cingoli da deficit di Calpaina 3 - AICa3 - ETS - Associazione Italiana Calpaina 3","og_description":"Sabato 14 novembre 2015: PRIMO CONVEGNO ITALIANO sulla Distrofia Muscolare dei cingoli da deficit di Calpaina 3. Promosso ed organizzato da AICa3 ONLUS in collaborazione con La Nostra Famiglia di Bosisio Parini e la FONDAZIONE CA' GRANDA Ospedale Maggiore \"Policlinico\" di Milano. E' stato un giorno di lavoro, di approfondimento, ma soprattutto \u00e8 stato un [&hellip;]","og_url":"https:\/\/www.aica3.org\/cms\/distrofie-dei-cingoli\/video-1-convegno-distrofia-muscolare-dei-cingoli-da-deficit-di-calpaina-3\/","og_site_name":"AICa3 - ETS - Associazione Italiana Calpaina 3","article_publisher":"http:\/\/www.facebook.com\/pages\/AICa3-Associazione-Italiana-Calpaina-3\/119599211561350","article_modified_time":"2021-12-16T13:47:59+00:00","twitter_misc":{"Tempo di lettura stimato":"6 minuti"},"schema":{"@context":"https:\/\/schema.org","@graph":[{"@type":"WebPage","@id":"https:\/\/www.aica3.org\/cms\/distrofie-dei-cingoli\/video-1-convegno-distrofia-muscolare-dei-cingoli-da-deficit-di-calpaina-3\/","url":"https:\/\/www.aica3.org\/cms\/distrofie-dei-cingoli\/video-1-convegno-distrofia-muscolare-dei-cingoli-da-deficit-di-calpaina-3\/","name":"1\u00b0 Convegno Distrofia muscolare dei cingoli da deficit di Calpaina 3 - AICa3 - ETS - Associazione Italiana Calpaina 3","isPartOf":{"@id":"https:\/\/www.aica3.org\/cms\/#website"},"datePublished":"2016-10-05T09:17:10+00:00","dateModified":"2021-12-16T13:47:59+00:00","breadcrumb":{"@id":"https:\/\/www.aica3.org\/cms\/distrofie-dei-cingoli\/video-1-convegno-distrofia-muscolare-dei-cingoli-da-deficit-di-calpaina-3\/#breadcrumb"},"inLanguage":"it-IT","potentialAction":[{"@type":"ReadAction","target":["https:\/\/www.aica3.org\/cms\/distrofie-dei-cingoli\/video-1-convegno-distrofia-muscolare-dei-cingoli-da-deficit-di-calpaina-3\/"]}]},{"@type":"BreadcrumbList","@id":"https:\/\/www.aica3.org\/cms\/distrofie-dei-cingoli\/video-1-convegno-distrofia-muscolare-dei-cingoli-da-deficit-di-calpaina-3\/#breadcrumb","itemListElement":[{"@type":"ListItem","position":1,"name":"Home","item":"https:\/\/www.aica3.org\/cms\/"},{"@type":"ListItem","position":2,"name":"Distrofie dei Cingoli","item":"https:\/\/www.aica3.org\/cms\/distrofie-dei-cingoli\/"},{"@type":"ListItem","position":3,"name":"1\u00b0 Convegno Distrofia muscolare dei cingoli da deficit di Calpaina 3"}]},{"@type":"WebSite","@id":"https:\/\/www.aica3.org\/cms\/#website","url":"https:\/\/www.aica3.org\/cms\/","name":"AICa3 - ETS - Associazione Italiana Calpaina 3","description":"Sito ufficiale dell\u2019Associazione Italiana Calpaina 3 per la lotta alla Distrofia Muscolare dei cingoli da deficit di Calpaina 3.","potentialAction":[{"@type":"SearchAction","target":{"@type":"EntryPoint","urlTemplate":"https:\/\/www.aica3.org\/cms\/?s={search_term_string}"},"query-input":{"@type":"PropertyValueSpecification","valueRequired":true,"valueName":"search_term_string"}}],"inLanguage":"it-IT"}]}},"_links":{"self":[{"href":"https:\/\/www.aica3.org\/cms\/wp-json\/wp\/v2\/pages\/1846","targetHints":{"allow":["GET"]}}],"collection":[{"href":"https:\/\/www.aica3.org\/cms\/wp-json\/wp\/v2\/pages"}],"about":[{"href":"https:\/\/www.aica3.org\/cms\/wp-json\/wp\/v2\/types\/page"}],"author":[{"embeddable":true,"href":"https:\/\/www.aica3.org\/cms\/wp-json\/wp\/v2\/users\/4"}],"replies":[{"embeddable":true,"href":"https:\/\/www.aica3.org\/cms\/wp-json\/wp\/v2\/comments?post=1846"}],"version-history":[{"count":0,"href":"https:\/\/www.aica3.org\/cms\/wp-json\/wp\/v2\/pages\/1846\/revisions"}],"up":[{"embeddable":true,"href":"https:\/\/www.aica3.org\/cms\/wp-json\/wp\/v2\/pages\/586"}],"wp:attachment":[{"href":"https:\/\/www.aica3.org\/cms\/wp-json\/wp\/v2\/media?parent=1846"}],"curies":[{"name":"wp","href":"https:\/\/api.w.org\/{rel}","templated":true}]}}