{"id":1909,"date":"2016-11-29T10:25:43","date_gmt":"2016-11-29T09:25:43","guid":{"rendered":"https:\/\/www.aica3.org\/cms\/?page_id=1909"},"modified":"2016-12-02T17:57:15","modified_gmt":"2016-12-02T16:57:15","slug":"informativa-privacy-cookies","status":"publish","type":"page","link":"https:\/\/www.aica3.org\/cms\/informativa-privacy-cookies\/","title":{"rendered":"Informativa Privacy e Cookies"},"content":{"rendered":"<h2>Normativa completa sulla privacy ed il trattamento dei cookies sul nostro sito<\/h2>\n<p>&nbsp;<\/p>\n<p><strong>Informativa e consenso al trattamento dei dati personali (ai sensi dell\u2019art. 13 del D.Lgs 196\/2003)<\/strong><\/p>\n<div class=\"down-content\">\n<p>In ottemperanza agli obblighi previsti dal Decreto Legislativo 30 giugno 2003 n. 196 in materia di trattamento dei dati personali, con la presente intendiamo informarLa che il sito sottoporr\u00e0 a trattamento i dati personali che La riguardano e che ci sono stati o che ci verranno da lei o da altri forniti. Il trattamento dei dati personali sar\u00e0 effettuato nel rispetto delle norme in vigore ed alle seguenti condizioni.<\/p>\n<p><strong>Titolare del trattamento<\/strong><\/p>\n<p>A seguito della consultazione di questo sito possono essere trattati dati relativi a persone identificate o identificabili. Il \u201ctitolare\u201d del loro trattamento \u00e8 Associazione Italiana Calpaina 3 ONLUS | C.F. 97631760150 | Via Ravenna, 24 &#8211; 20139 Milano | Tel +39 338.8319129 | info@aica3.org<\/p>\n<p><strong>1. Finalit\u00e0 del trattamento<\/strong><\/p>\n<p>Il trattamento dei dati personali e sensibili \u00e8 diretto esclusivamente al raggiungimento delle seguenti finalit\u00e0:<br \/>\n a) per esigenze di tipo operativo, gestionale e contabile;<br \/>\n b) per adempiere a qualunque tipo di obbligo previsto da leggi o regolamenti vigenti;<br \/>\n c) per finalit\u00e0 di ricerca statistica;<\/p>\n<p><strong>2. Luogo di trattamento dei dati<\/strong><\/p>\n<p>I trattamenti connessi ai servizi web di questo sito hanno luogo presso la predetta sede della societ\u00e0 e sono curati solo da personale autorizzato, o da eventuali incaricati di occasionali operazioni di manutenzione. Nessun dato derivante dal servizio web viene comunicato o diffuso.<\/p>\n<p>I dati personali forniti dagli utenti che inoltrano richieste di invio di materiale informativo (mailing list, newsletter, risposte a quesiti, ecc.) sono utilizzati al solo fine di eseguire il servizio o la prestazione richiesta e non sono comunicate a terzi.<\/p>\n<p><strong>3. Tipi di dati trattati<\/strong><\/p>\n<p><strong>Dati di navigazione.<\/strong><br \/>\n I sistemi informatici e le procedure software preposte al funzionamento di questo sito web acquisiscono, nel corso del loro normale esercizio, alcuni dati personali la cui trasmissione \u00e8 implicita nell\u2019uso dei protocolli di comunicazione di Internet. Si tratta di informazioni che non sono raccolte per essere associate a interessati identificati, ma che per loro stessa natura potrebbero, attraverso elaborazioni ed associazioni con dati detenuti da terzi, permettere di identificare gli utenti. In questa categoria di dati rientrano gli indirizzi IP o i nomi a dominio dei computer utilizzati dagli utenti che si connettono al sito, gli indirizzi in notazione URI (Uniform Resource Identifier) delle risorse richieste, l\u2019orario della richiesta, il metodo utilizzato nel sottoporre la richiesta al server, la dimensione del file ottenuto in risposta, il codice numerico indicante lo stato della risposta data dal server (buon fine, errore, ecc.) ed altri parametri relativi al sistema operativo e all\u2019ambiente informatico dell\u2019utente.<\/p>\n<p>Questi dati vengono utilizzati al solo fine di ricavare informazioni statistiche anonime sull\u2019uso del sito e per controllarne il corretto funzionamento.<\/p>\n<p>I dati potrebbero essere utilizzati per l\u2019accertamento di responsabilit\u00e0 in caso di ipotetici reati informatici ai danni del sito.<\/p>\n<p><strong>Dati forniti volontariamente dall\u2019utente<\/strong><br \/>\n L\u2019invio facoltativo, esplicito e volontario di posta elettronica agli indirizzi indicati su questo sito comporta la successiva acquisizione dell\u2019indirizzo del mittente, necessario per rispondere alle richieste, nonch\u00e9 degli eventuali altri dati personali inseriti nella missiva.<\/p>\n<p><strong>4. Cookies<\/strong><\/p>\n<p>Nessun dato personale degli utenti viene in proposito acquisito dal sito. I cookies di sessione utilizzati in questo sito evitano il ricorso ad altre tecniche informatiche potenzialmente pregiudizievoli per la riservatezza della navigazione degli utenti e non consentono l\u2019acquisizione di dati personali identificativi dell\u2019utente.<\/p>\n<p><strong>5. Rifiutare e bloccare i cookies<\/strong><\/p>\n<p>La maggioranza dei browser internet sono inizialmente impostati per accettare i cookie in modo automatico. Ci\u00f2 significa che hai la possibilit\u00e0, in ogni momento, di impostare il tuo browser in modo da accettare tutti i cookie, solo alcuni, oppure di rifiutarli, disabilitandone l\u2019uso da parte dei siti. Inoltre puoi normalmente impostare le preferenze del tuo browser in modo tale da essere avvisato ogni volta che un cookie viene memorizzato nel tuo computer. Al termine di ogni sessione di navigazione, infine, puoi cancellare dal disco fisso del tuo dispositivo i cookie raccolti. Se vuoi eliminare i cookie installati nella cartella dei cookie del browser utilizzato, occorre rammentare che ciascun browser presenta procedure diverse per la gestione delle impostazioni.<\/p>\n<p>Selezionando i collegamenti sottostanti puoi ottenere istruzioni specifiche per alcuni dei principali browser.<\/p>\n<p>Microsoft Windows Explorer: <a href=\"http:\/\/windows.microsoft.com\/en-us\/windows-vista\/block-or-allow-cookies\">http:\/\/windows.microsoft.com\/en-us\/windows-vista\/block-or-allow-cookies<\/a><br \/>\n Google Chrome: <a href=\"https:\/\/support.google.com\/chrome\/bin\/answer.py?hl=en&amp;answer=95647&amp;p=cpn_cookies\">https:\/\/support.google.com\/chrome\/bin\/answer.py?hl=en&amp;answer=95647&amp;p=cpn_cookies<\/a><br \/>\n Mozilla Firefox: <a href=\"http:\/\/support.mozilla.org\/en-US\/kb\/Enabling%20and%20disabling%20cookies\">http:\/\/support.mozilla.org\/en-US\/kb\/Enabling%20and%20disabling%20cookies<\/a><br \/>\n Apple Safari: <a href=\"http:\/\/docs.info.apple.com\/article.html?path=Safari\/5.0\/en\/9277.html\">http:\/\/docs.info.apple.com\/article.html?path=Safari\/5.0\/en\/9277.html<\/a><br \/>\n Per non ricevere i cookie di Google Analytics visita la pagina: <a href=\"https:\/\/tools.google.com\/dlpage\/gaoptout\/\">https:\/\/tools.google.com\/dlpage\/gaoptout\/<\/a><br \/>\n Se vuoi saperne di pi\u00f9 sui cookie in generale visita la pagina <a href=\"http:\/\/www.allaboutcookies.org\/\">www.allaboutcookies.org<\/a><\/p>\n<p>Per eliminare i cookie relativi alle impostazioni Flash<\/p>\n<p><a href=\"http:\/\/www.macromedia.com\/support\/documentation\/it\/flashplayer\/help\/settings_manager02.html#118539\">http:\/\/www.macromedia.com\/support\/documentation\/it\/flashplayer\/help\/settings_manager02.html#118539<\/a><\/p>\n<p>&nbsp;<\/p>\n<p><strong>6. Monitoraggio e statistiche<\/strong><\/p>\n<p>Questo sito Web utilizza i servizi di Web Analytics forniti da Google. I sistemi di misurazione possono far uso di \u201ccookies\u201d, piccoli file di testo che vengono depositati sul PC del navigatore per consentire di analizzare anonimamente le modalit\u00e0 di utilizzo del sito. Le informazioni, completamente anonime, memorizzate nei cookies sono: data e ora di accesso al sito, ID univoco, ID di sessione.<\/p>\n<p>Questi dati vengono inviati ai server di Google dove sono installati i software Google Analytics per elaborare report relativi alle modalit\u00e0 di utilizzo di questo sito Web, alle attivit\u00e0 di web marketing, nonch\u00e8 per fornire al navigatore funzionalit\u00e0 e interazione durante la navigazione. Google potrebbero trasferire queste informazioni a terzi che trattino dati per loro nome e conto, o qualora ci\u00f2 sia imposto da norme imperative<\/p>\n<p>In qualunque momento \u00e8 possibile disabilitare i cookies dal PC modificando le impostazioni di Sicurezza e Privacy presenti sul browser, ma quest\u2019opzione potrebbe limitare molte delle funzionalit\u00e0 di navigazione del sito. L\u2019informativa completa, resa ai sensi dell\u2019art. 13 D. lgs. n. 196\/03, \u00e8 disponibile su http:\/\/www.google.it\/intl\/it\/policies\/.<\/p>\n<p>Proseguendo la navigazione sul presente sito, dichiari di aver preso visione dell\u2019informativa di cui all\u2019art. 13 D. lgs. n. 196\/03 e manifesti il consenso informato al trattamento dei tuoi dati personali da parte di Google, con le modalit\u00e0 e ai fini sopraindicati.<\/p>\n<p><strong>7. Servizi di integrazione con Social Network e Cookies di Terze Parti<\/strong><\/p>\n<p>Si tratta di servizi per interagire coi social network o con altre piattaforme di terze parti. Le interazioni e le informazioni acquisite sono soggette alle impostazioni privacy relative al social network o alla piattaforma in questione. Nel caso in cui sia installato un servizio di interazione con i social network, \u00e8 possibile che, anche nel caso in cui non si utilizzi il servizio, lo stesso raccolga dati di traffico relativi alle pagine in cui \u00e8 installato.<\/p>\n<p><em>Pulsante Mi Piace e widget sociali di Facebook (Facebook, Inc.)<\/em><br \/>\n Il pulsante \u201cMi Piace\u201d e i widget sociali di Facebook sono servizi di interazione con il social network Facebook, forniti da Facebook, Inc.<br \/>\n Dati personali raccolti: Cookie e Dati di utilizzo.<br \/>\n Luogo del trattamento : USA \u2013 Privacy Policy<br \/>\n <a href=\"http:\/\/www.facebook.com\/privacy\/explanation.php\">http:\/\/www.facebook.com\/privacy\/explanation.php<\/a><\/p>\n<p><em>Pulsante Tweet e widget sociali di Twitter (Twitter)<\/em><br \/>\n Il pulsante Tweet e i widget sociali di Twitter sono servizi di interazione con il social network Twitter, forniti da Twitter Inc.<br \/>\n Dati personali raccolti: Cookie e Dati di utilizzo.<br \/>\n Luogo del trattamento : USA \u2013 Privacy Policy<br \/>\n <a href=\"http:\/\/twitter.com\/privacy\">http:\/\/twitter.com\/privacy<\/a><\/p>\n<p><em>Pulsante +1 e widget sociali di Google+ (Google Inc.)<\/em><br \/>\n Il pulsante +1 e i widget sociali di Google+ sono servizi di interazione con il social network Google+, forniti da Google Inc.<br \/>\n Dati personali raccolti: Cookie e Dati di utilizzo.<br \/>\n Luogo del trattamento : USA \u2013 Privacy Policy<br \/>\n <a href=\"http:\/\/www.google.com\/intl\/it\/policies\/privacy\/\">http:\/\/www.google.com\/intl\/it\/policies\/privacy\/<\/a><\/p>\n<p><em>Pulsante e widget sociali di Linkedin (LinkedIn Corporation)<\/em><br \/>\n Il pulsante e i widget sociali di Linkedin sono servizi di interazione con il social network Linkedin, forniti da LinkedIn Corporation.<br \/>\n Dati personali raccolti: Cookie e Dati di utilizzo.<br \/>\n Luogo del trattamento : USA \u2013 Privacy Policy<br \/>\n <a href=\"https:\/\/www.linkedin.com\/legal\/privacy-policy\">https:\/\/www.linkedin.com\/legal\/privacy-policy<\/a><\/p>\n<p>Lo strumento Condividi installato in alcune pagine del sito \u00e8 un sistema di condivisione delle pagine web sui social network ed \u00e8 fornito da AddThis, Inc. \u00c8 possibile leggere la policy su <a href=\"http:\/\/www.addthis.com\/privacy\/privacy-policy.\">http:\/\/www.addthis.com\/privacy\/privacy-policy.<\/a><\/p>\n<p><em>Google AdSense (Google Inc.)<\/em><br \/>\n Google AdSense \u00e8 un servizio di advertising fornito da Google Inc. Questo servizio usa il Cookie &#8220;Doubleclick&#8221;, che traccia l&#8217;utilizzo di questo sito ed il comportamento dell&#8217;utente in relazione agli annunci pubblicitari, ai prodotti e ai servizi offerti. L&#8217;utente pu\u00e0 decidere in qualsiasi momento di non usare il Cookie Doubleclick provvedendo alla sua disattivazione (opt out)<br \/>\n Dati personali raccolti: Cookie e Dati di utilizzo.<br \/>\n Luogo del trattamento : USA<br \/>\n <a href=\"http:\/\/google.com\/privacy\/ads\/\">http:\/\/google.com\/privacy\/ads\/<\/a><\/p>\n<p><em>Facebook Comments (Facebook, Inc.)<\/em><br \/>\n Facebook Comments \u00e8 un servizio gestito da Facebook, Inc. che consente all&#8217;Utente di lasciare propri commenti e condividerli all&#8217;interno della piattaforma Facebook.<br \/>\n Dati personali raccolti: Cookie e Dati di utilizzo.<br \/>\n Luogo del trattamento : USA<br \/>\n <a href=\"http:\/\/www.facebook.com\/privacy\/explanation.php\">http:\/\/www.facebook.com\/privacy\/explanation.php<\/a><\/p>\n<p><em>Akismet (Automattic Inc.)<\/em><br \/>\n Akismet \u00e8 un servizio di protezione dallo SPAM fornito da Automattic Inc.<br \/>\n Dati personali raccolti: Varie tipologie di Dati secondo quanto specificato dalla privacy policy del servizio.<br \/>\n Luogo del trattamento : USA<br \/>\n <a href=\"http:\/\/automattic.com\/privacy\/\">http:\/\/automattic.com\/privacy\/<\/a><\/p>\n<p><em>Video Youtube (Google Inc.)<\/em><br \/>\n Youtube \u00e8 un servizio di visualizzazione di contenuti video gestito da Google Inc. che permette a questa Applicazione di integrare tali contenuti all&#8217;interno delle proprie pagine<br \/>\n Dati personali raccolti: Cookie e dati di utilizzo<br \/>\n Luogo del trattamento : USA<br \/>\n <a href=\"http:\/\/www.google.it\/intl\/it\/policies\/privacy\/\">http:\/\/www.google.it\/intl\/it\/policies\/privacy\/<\/a><\/p>\n<p><em>Google Fonts (Google Inc.)<\/em><br \/>\n Google Fonts \u00e8 un servizio di visualizzazione di stili di carattere gestito da Google Inc. che permette a questa Applicazione di integrare tali contenuti all&#8217;interno delle proprie pagine<br \/>\n Dati personali raccolti: Cookie e dati di utilizzo<br \/>\n Luogo del trattamento : USA<br \/>\n <a href=\"http:\/\/www.google.it\/intl\/en\/policies\/privacy\/\">http:\/\/www.google.it\/intl\/en\/policies\/privacy\/<\/a><\/p>\n<p><em>Google Maps (Google Inc.)<\/em><br \/>\n Google Maps \u00e8 un servizio di visualizzazione di mappe gestito da Google Inc. che permette a questa Applicazione di integrare tali contenuti all&#8217;<br \/>\n interno delle proprie pagine.<br \/>\n Dati personali raccolti: Cookie e dati di utilizzo<br \/>\n Luogo del trattamento : USA<br \/>\n <a href=\"http:\/\/www.google.it\/intl\/it\/policies\/privacy\/\">http:\/\/www.google.it\/intl\/it\/policies\/privacy\/<\/a><\/p>\n<p><strong>8. Facoltativit\u00e0 del conferimento dei dati<\/strong><\/p>\n<p>A parte quanto specificato per i dati di navigazione, l\u2019utente \u00e8 libero di fornire i dati personali riportati nei moduli di richiesta alla societ\u00e0. Il loro mancato conferimento pu\u00f2 comportare l\u2019impossibilit\u00e0 di ottenere quanto richiesto.<\/p>\n<p><strong>9. Modalit\u00e0 di trattamento<\/strong><\/p>\n<p>Il trattamento dei dati potr\u00e0 consistere, oltre nella raccolta, nella loro registrazione, conservazione, modificazione, comunicazione, cancellazione, ecc. e sar\u00e0 effettuato sia con l\u2019utilizzo di supporto cartaceo, sia con l\u2019utilizzo di strumenti elettronici informatici e telematici, secondo modalit\u00e0 e con strumenti idonei a garantire la sicurezza e la riservatezza dei dati stessi, ai sensi degli artt. 31 e seguenti del D.Lgs 196\/2003, in merito alle \u201cmisure minime di sicurezza per il trattamento dei dati personali\u201d.<br \/>\n In particolare sono state adottate tutte le misure tecniche, informatiche, organizzative, logistiche e procedure di sicurezza, ai sensi del D.Lgs 196\/2003 ed Allegato B, tale da garantire il livello minimo di protezione dei dati previsto dalla legge.<br \/>\n Inoltre, le metodologie applicate garantiscono che l\u2019accesso ai dati sia consentito alle sole persone incaricate del trattamento da parte della nostra societ\u00e0 di pulizia.<\/p>\n<p><strong>10. Conferimento dati<\/strong><\/p>\n<p>Il conferimento dei dati \u00e8:<\/p>\n<ul>\n<li>\n<p>obbligatorio per il raggiungimento delle finalit\u00e0 (elencate al punto 1) connesse agli obblighi previsti dalla legge o da altre normative vincolanti;<\/p>\n<\/li>\n<li>\n<p>necessario per adempiere agli obblighi amministrativi.<\/p>\n<\/li>\n<\/ul>\n<p>Un eventuale rifiuto di fornire i dati di cui sopra, seppur legittimo, potrebbe compromettere il regolare svolgimento dell\u2019attivit\u00e0.<\/p>\n<p><strong>11. Comunicazione e diffusione dei dati<\/strong><\/p>\n<p>I suoi dati, da lei forniti per le finalit\u00e0 (di cui al punto 1), oggetto del trattamento, potranno essere comunicati a:<\/p>\n<ul>\n<li>\n<p>Autorit\u00e0 Competenti per gli adempimenti previsti dalla legge o da altre normative vincolanti;<\/p>\n<\/li>\n<li>\n<p>alle autorit\u00e0 di Pubblica Sicurezza a seguito di eventuale richiesta, all\u2019Autorit\u00e0 Giudiziaria.<\/p>\n<\/li>\n<\/ul>\n<p>I dati potranno, altres\u00ec, essere diffusi, ma solo in forma aggregata, anonima e per finalit\u00e0 statistiche e di ricerca.<br \/>\n Ogni ulteriore comunicazione o diffusione avverr\u00e0 solo previo Suo esplicito consenso.<\/p>\n<p><strong>12. Diritti dell\u2019interessato<\/strong><\/p>\n<p>Ai sensi dell\u2019art. 7 e seguenti del D.Lgs 196\/2003, Lei ha il diritto di:<\/p>\n<p>ottenere la conferma dell\u2019esistenza o meno di dati personali che lo riguardano, anche se non ancora registrati, e la loro comunicazione in forma intelligibile.<\/p>\n<p>ottenere l\u2019indicazione:<br \/>\n a) dell\u2019origine dei dati personali;<br \/>\n b) delle finalit\u00e0 e modalit\u00e0 del trattamento;<br \/>\n c) della logica applicata in caso di trattamento effettuato con l\u2019ausilio di strumenti elettronici;<br \/>\n d) degli estremi identificativi del titolare, dei responsabili e del rappresentante designato ai sensi<br \/>\n e) dei soggetti o delle categorie di soggetti ai quali i dati personali possono essere comunicati o che possono venirne a conoscenza in qualit\u00e0 di rappresentante designato nel territorio dello Stato, di responsabili o incaricati.<\/p>\n<p><strong>L\u2019interessato ha diritto di ottenere:<\/strong><\/p>\n<p>a) l\u2019aggiornamento, la rettificazione ovvero, quando vi ha interesse, l\u2019integrazione dei dati;<br \/>\n b) la cancellazione, la trasformazione in forma anonima o il blocco dei dati trattati in violazione di legge, compresi quelli di cui non \u00e8 necessaria la conservazione in relazione agli scopi per i quali i dati sono stati raccolti o successivamente trattati;<br \/>\n c) l\u2019attestazione che le operazioni di cui alle lettere a) e b) sono state portate a conoscenza, anche per quanto riguarda il loro contenuto, di coloro ai quali i dati sono stati comunicati o diffusi, eccettuato il caso in cui tale adempimento si rivela impossibile o comporta un impiego di mezzi manifestamente sproporzionato rispetto al diritto tutelato.<\/p>\n<p><strong>L\u2019interessato ha diritto di opporsi, in tutto o in parte:<\/strong><\/p>\n<p>a) per motivi legittimi al trattamento dei dati personali che lo riguardano, ancorch\u00e9 pertinenti allo scopo della raccolta;<br \/>\n b) al trattamento di dati personali che lo riguardano a fini di invio di materiale pubblicitario o di vendita diretta o per il compimento di ricerche di mercato o di comunicazione commerciale.<\/p>\n<p>I diritti sopraelencati (art. 7), possono essere esercitati sia direttamente, sia tramite un Suo incaricato, nelle forme previste degli artt. 8 e 9 del D.Lgs 196\/2003.<\/p>\n<\/div>\n","protected":false},"excerpt":{"rendered":"<p>Normativa completa sulla privacy ed il trattamento dei cookies sul nostro sito &nbsp; Informativa e consenso al trattamento dei dati personali (ai sensi dell\u2019art. 13 del D.Lgs 196\/2003) In ottemperanza agli obblighi previsti dal Decreto Legislativo 30 giugno 2003 n. 196 in materia di trattamento dei dati personali, con la presente intendiamo informarLa che il [&hellip;]<\/p>\n","protected":false},"author":4,"featured_media":0,"parent":0,"menu_order":0,"comment_status":"open","ping_status":"closed","template":"template-full.php","meta":{"_et_pb_use_builder":"","_et_pb_old_content":"","_et_gb_content_width":"","footnotes":""},"class_list":["post-1909","page","type-page","status-publish","hentry"],"yoast_head":"<!-- This site is optimized with the Yoast SEO plugin v27.3 - https:\/\/yoast.com\/product\/yoast-seo-wordpress\/ -->\n<title>Informativa Privacy e Cookies - AICa3 - ETS - Associazione Italiana Calpaina 3<\/title>\n<meta name=\"robots\" content=\"index, follow, max-snippet:-1, max-image-preview:large, max-video-preview:-1\" \/>\n<link rel=\"canonical\" href=\"https:\/\/www.aica3.org\/cms\/informativa-privacy-cookies\/\" \/>\n<meta property=\"og:locale\" content=\"it_IT\" \/>\n<meta property=\"og:type\" content=\"article\" \/>\n<meta property=\"og:title\" content=\"Informativa Privacy e Cookies - AICa3 - ETS - Associazione Italiana Calpaina 3\" \/>\n<meta property=\"og:description\" content=\"Normativa completa sulla privacy ed il trattamento dei cookies sul nostro sito &nbsp; Informativa e consenso al trattamento dei dati personali (ai sensi dell\u2019art. 13 del D.Lgs 196\/2003) In ottemperanza agli obblighi previsti dal Decreto Legislativo 30 giugno 2003 n. 196 in materia di trattamento dei dati personali, con la presente intendiamo informarLa che il [&hellip;]\" \/>\n<meta property=\"og:url\" content=\"https:\/\/www.aica3.org\/cms\/informativa-privacy-cookies\/\" \/>\n<meta property=\"og:site_name\" content=\"AICa3 - ETS - Associazione Italiana Calpaina 3\" \/>\n<meta property=\"article:publisher\" content=\"http:\/\/www.facebook.com\/pages\/AICa3-Associazione-Italiana-Calpaina-3\/119599211561350\" \/>\n<meta property=\"article:modified_time\" content=\"2016-12-02T16:57:15+00:00\" \/>\n<meta name=\"twitter:label1\" content=\"Tempo di lettura stimato\" \/>\n\t<meta name=\"twitter:data1\" content=\"11 minuti\" \/>\n<script type=\"application\/ld+json\" class=\"yoast-schema-graph\">{\"@context\":\"https:\\\/\\\/schema.org\",\"@graph\":[{\"@type\":\"WebPage\",\"@id\":\"https:\\\/\\\/www.aica3.org\\\/cms\\\/informativa-privacy-cookies\\\/\",\"url\":\"https:\\\/\\\/www.aica3.org\\\/cms\\\/informativa-privacy-cookies\\\/\",\"name\":\"Informativa Privacy e Cookies - AICa3 - ETS - Associazione Italiana Calpaina 3\",\"isPartOf\":{\"@id\":\"https:\\\/\\\/www.aica3.org\\\/cms\\\/#website\"},\"datePublished\":\"2016-11-29T09:25:43+00:00\",\"dateModified\":\"2016-12-02T16:57:15+00:00\",\"breadcrumb\":{\"@id\":\"https:\\\/\\\/www.aica3.org\\\/cms\\\/informativa-privacy-cookies\\\/#breadcrumb\"},\"inLanguage\":\"it-IT\",\"potentialAction\":[{\"@type\":\"ReadAction\",\"target\":[\"https:\\\/\\\/www.aica3.org\\\/cms\\\/informativa-privacy-cookies\\\/\"]}]},{\"@type\":\"BreadcrumbList\",\"@id\":\"https:\\\/\\\/www.aica3.org\\\/cms\\\/informativa-privacy-cookies\\\/#breadcrumb\",\"itemListElement\":[{\"@type\":\"ListItem\",\"position\":1,\"name\":\"Home\",\"item\":\"https:\\\/\\\/www.aica3.org\\\/cms\\\/\"},{\"@type\":\"ListItem\",\"position\":2,\"name\":\"Informativa Privacy e Cookies\"}]},{\"@type\":\"WebSite\",\"@id\":\"https:\\\/\\\/www.aica3.org\\\/cms\\\/#website\",\"url\":\"https:\\\/\\\/www.aica3.org\\\/cms\\\/\",\"name\":\"AICa3 - ETS - Associazione Italiana Calpaina 3\",\"description\":\"Sito ufficiale dell\u2019Associazione Italiana Calpaina 3 per la lotta alla Distrofia Muscolare dei cingoli da deficit di Calpaina 3.\",\"potentialAction\":[{\"@type\":\"SearchAction\",\"target\":{\"@type\":\"EntryPoint\",\"urlTemplate\":\"https:\\\/\\\/www.aica3.org\\\/cms\\\/?s={search_term_string}\"},\"query-input\":{\"@type\":\"PropertyValueSpecification\",\"valueRequired\":true,\"valueName\":\"search_term_string\"}}],\"inLanguage\":\"it-IT\"}]}<\/script>\n<!-- \/ Yoast SEO plugin. -->","yoast_head_json":{"title":"Informativa Privacy e Cookies - AICa3 - ETS - Associazione Italiana Calpaina 3","robots":{"index":"index","follow":"follow","max-snippet":"max-snippet:-1","max-image-preview":"max-image-preview:large","max-video-preview":"max-video-preview:-1"},"canonical":"https:\/\/www.aica3.org\/cms\/informativa-privacy-cookies\/","og_locale":"it_IT","og_type":"article","og_title":"Informativa Privacy e Cookies - AICa3 - ETS - Associazione Italiana Calpaina 3","og_description":"Normativa completa sulla privacy ed il trattamento dei cookies sul nostro sito &nbsp; Informativa e consenso al trattamento dei dati personali (ai sensi dell\u2019art. 13 del D.Lgs 196\/2003) In ottemperanza agli obblighi previsti dal Decreto Legislativo 30 giugno 2003 n. 196 in materia di trattamento dei dati personali, con la presente intendiamo informarLa che il [&hellip;]","og_url":"https:\/\/www.aica3.org\/cms\/informativa-privacy-cookies\/","og_site_name":"AICa3 - ETS - Associazione Italiana Calpaina 3","article_publisher":"http:\/\/www.facebook.com\/pages\/AICa3-Associazione-Italiana-Calpaina-3\/119599211561350","article_modified_time":"2016-12-02T16:57:15+00:00","twitter_misc":{"Tempo di lettura stimato":"11 minuti"},"schema":{"@context":"https:\/\/schema.org","@graph":[{"@type":"WebPage","@id":"https:\/\/www.aica3.org\/cms\/informativa-privacy-cookies\/","url":"https:\/\/www.aica3.org\/cms\/informativa-privacy-cookies\/","name":"Informativa Privacy e Cookies - AICa3 - ETS - Associazione Italiana Calpaina 3","isPartOf":{"@id":"https:\/\/www.aica3.org\/cms\/#website"},"datePublished":"2016-11-29T09:25:43+00:00","dateModified":"2016-12-02T16:57:15+00:00","breadcrumb":{"@id":"https:\/\/www.aica3.org\/cms\/informativa-privacy-cookies\/#breadcrumb"},"inLanguage":"it-IT","potentialAction":[{"@type":"ReadAction","target":["https:\/\/www.aica3.org\/cms\/informativa-privacy-cookies\/"]}]},{"@type":"BreadcrumbList","@id":"https:\/\/www.aica3.org\/cms\/informativa-privacy-cookies\/#breadcrumb","itemListElement":[{"@type":"ListItem","position":1,"name":"Home","item":"https:\/\/www.aica3.org\/cms\/"},{"@type":"ListItem","position":2,"name":"Informativa Privacy e Cookies"}]},{"@type":"WebSite","@id":"https:\/\/www.aica3.org\/cms\/#website","url":"https:\/\/www.aica3.org\/cms\/","name":"AICa3 - ETS - Associazione Italiana Calpaina 3","description":"Sito ufficiale dell\u2019Associazione Italiana Calpaina 3 per la lotta alla Distrofia Muscolare dei cingoli da deficit di Calpaina 3.","potentialAction":[{"@type":"SearchAction","target":{"@type":"EntryPoint","urlTemplate":"https:\/\/www.aica3.org\/cms\/?s={search_term_string}"},"query-input":{"@type":"PropertyValueSpecification","valueRequired":true,"valueName":"search_term_string"}}],"inLanguage":"it-IT"}]}},"_links":{"self":[{"href":"https:\/\/www.aica3.org\/cms\/wp-json\/wp\/v2\/pages\/1909","targetHints":{"allow":["GET"]}}],"collection":[{"href":"https:\/\/www.aica3.org\/cms\/wp-json\/wp\/v2\/pages"}],"about":[{"href":"https:\/\/www.aica3.org\/cms\/wp-json\/wp\/v2\/types\/page"}],"author":[{"embeddable":true,"href":"https:\/\/www.aica3.org\/cms\/wp-json\/wp\/v2\/users\/4"}],"replies":[{"embeddable":true,"href":"https:\/\/www.aica3.org\/cms\/wp-json\/wp\/v2\/comments?post=1909"}],"version-history":[{"count":0,"href":"https:\/\/www.aica3.org\/cms\/wp-json\/wp\/v2\/pages\/1909\/revisions"}],"wp:attachment":[{"href":"https:\/\/www.aica3.org\/cms\/wp-json\/wp\/v2\/media?parent=1909"}],"curies":[{"name":"wp","href":"https:\/\/api.w.org\/{rel}","templated":true}]}}