{"id":3242,"date":"2022-03-07T14:05:44","date_gmt":"2022-03-07T13:05:44","guid":{"rendered":"https:\/\/www.aica3.org\/cms\/?page_id=3242"},"modified":"2022-03-07T14:05:47","modified_gmt":"2022-03-07T13:05:47","slug":"impatto-psicologico-ed-emotivo-della-pandemia-covid-19-nella-popolazione-fragile-dei-pazienti-neuromuscolari-in-regione-lombardia","status":"publish","type":"page","link":"https:\/\/www.aica3.org\/cms\/impatto-psicologico-ed-emotivo-della-pandemia-covid-19-nella-popolazione-fragile-dei-pazienti-neuromuscolari-in-regione-lombardia\/","title":{"rendered":"Impatto psicologico ed emotivo della pandemia COVID 19 nella popolazione fragile dei pazienti \u201cneuromuscolari\u201d in regione Lombardia"},"content":{"rendered":"<p>[et_pb_section fb_built=&#8221;1&#8243; _builder_version=&#8221;3.22&#8243; global_colors_info=&#8221;{}&#8221;][et_pb_row _builder_version=&#8221;3.25&#8243; background_size=&#8221;initial&#8221; background_position=&#8221;top_left&#8221; background_repeat=&#8221;repeat&#8221; custom_padding=&#8221;80px|||||&#8221; global_colors_info=&#8221;{}&#8221;][et_pb_column type=&#8221;4_4&#8243; _builder_version=&#8221;3.25&#8243; custom_padding=&#8221;|||&#8221; global_colors_info=&#8221;{}&#8221; custom_padding__hover=&#8221;|||&#8221;][et_pb_text _builder_version=&#8221;4.14.4&#8243; background_size=&#8221;initial&#8221; background_position=&#8221;top_left&#8221; background_repeat=&#8221;repeat&#8221; global_colors_info=&#8221;{}&#8221;]<\/p>\n<p><strong>Responsabile medico <\/strong>Dr.ssa Maria Grazia D\u2019Angelo, <br \/><span>\u00a0<\/span>Unit\u00e0 neuromuscolare IRCCS Eugenio Medea, Bosisio Parini<\/p>\n<p>&nbsp;<\/p>\n<p>Dott.ssa A. Berardinelli\u00a0&#8211; IRCCS Mondino Foundation, Pavia<\/p>\n<p>Prof. G.P. Comi &#8211; Dipartimento di Neuroscienze e Salute Mentale, Fondazione IRCCS Ca\u2019 Granda Ospedale Maggiore Policlinico Milano<\/p>\n<p>Prof A. DelleFave &#8211; Universit\u00e0 degli Studi di Milano\u00a0&#8211; Dipartimento di Fisiopatologia Medico Chirurgica e dei Trapianti<\/p>\n<p>Dott. L. Maggi &#8211; Fondazione IRCCS Istituto Neurologico Carlo Besta \u00a0<\/p>\n<p>Prof. M. Filosto &#8211; U.O. Neurologia, ASST \u201cSpedali Civili\u201d di Brescia<\/p>\n<p style=\"text-align: justify;\">Prof. S . Previtali &#8211; IRCCS Ospedale San Raffaele, Divisione di Neuroscienze, Milano<\/p>\n<p style=\"text-align: justify;\">\n<p>Alla fine dello scorso dicembre, nella citt\u00e0 di Wuhan nella Cina Centrale, \u00e8 stato registrato un focolaio di polmoniti, successivamente associato dalle autorit\u00e0 cinesi e dall\u2019Organizzazione Mondiale della Sanit\u00e0 (OMS) ad un nuovo coronavirus indicato prima con il termine di\u00a0 2019 n-CoV, poi SARS-CoV-2. L\u201911 marzo a seguito della massiva diffusione di questo virus nella popolazione mondiale, l\u2019OMS ha dichiarato lo stato di pandemia. I coronavirus (CoV) sono un\u2019ampia famiglia di virus respiratori che possono causare malattie respiratorie di diversa entit\u00e0.\u00a0I coronavirus sono comuni in molte specie animali (come i cammelli e i pipistrelli) ma in alcuni casi, se pur raramente, possono evolversi e infettare l\u2019uomo per poi diffondersi nella popolazione. Il\u00a0 contatto con i casi sintomatici (persone che hanno contratto l\u2019infezione e hanno gi\u00e0 manifestato i sintomi della malattia) \u00e8 il motore principale della trasmissione del nuovo coronavirus SARS-CoV-2. Misure di contenimento sono state prese in tempi diversi dalla pi\u00f9 parte dei Paesi del Mondo per limitare la diffusione della pandemia.<\/p>\n<p>L\u2019Italia \u00e8 stata una delle nazioni, fino ad oggi, pi\u00f9 colpita dalla Pandemia, con picchi pi\u00f9 elevati di pazienti sintomatici e decessi nei mesi di marzo ed aprile. In data 21 luglio 2020, i dati dell\u2019Istituto Superiore di Sanit\u00e0 e del Ministero della Salute, riportavano che in tutta la Penisola Italiana dall\u2019inizio della pandemia legata all\u2019infezione da SARS-CoV2, erano stati registrati\u00a0 un totale di 244.708 soggetti contagiati, di cui 34.126 soggetti deceduti ( 57.6%\u00a0 maschi e 42,4%\u00a0 femmine, con tasso di letalit\u00e0 rispettivamente di 17,6 nei maschi e 10,9 nelle donne).In Regione Lombardia sono stati registrati 96.034 casi positivi e 16.779 decessi (il 49,1% del totale in Italia). Sebbene il portale ufficiale dell\u2019Istituto Superiore di Sanit\u00e0 abbia pubblicato oltre alle misure preventive del contagio e della trasmissione, dati epidemiologici, dati di sorveglianza integrata, anche suggerimenti sullo stile di vita da attuare, nessuno di questi suggerimenti ha tenuto in considerazione la presenza in un nucleo familiare di un paziente con una malattia neuromuscolare.\u00a0<\/p>\n<p>Con il termine di \u201cmalattie neuromuscolari di origine genetica\u201d si identificano abitualmente un gruppo piuttosto eterogeneo di patologie quali le distrofie muscolari , le miopatie e le Amiotrofie Spinali (SMA 1-4) che per\u00f2 condividono alcune caratteristiche quali la debolezza e l\u2019ipotrofia muscolare progressive, l\u2019origine genetica , la mancanza di una terapia, la perdita di alcune o tutte le autonomie motorie con confinamento in\u00a0 carrozzina o a letto, la dipendenza parziale o completa da un caregiver, il progressivo indebolimento della muscolatura respiratoria con necessit\u00e0 di ventiloterapia non invasiva, lo sviluppo di cardiopatia con necessit\u00e0 di terapia farmacologica specifica sono molto comuni.<\/p>\n<p>Pur in assenza di studi epidemiologici esaustivi, la prevalenza delle malattie muscolari su base genetica nel mondo si aggira attorno ai 16.1 su 100.000. Possiamo quindi ipotizzare che nella popolazione italiana di circa 60 milioni di abitanti (dati Istat del 2019) ci siano circa 10.000 soggetti affetti da malattie neuromuscolari di origine genetica. La Regione Lombardia ha una popolazione di pi\u00f9 di 10 milioni di abitanti (dati Istat del 2019) ed \u00e8 quindi ipotizzabile che ci siano pi\u00f9 di 1.500 soggetti con malattie neuromuscolari.<\/p>\n<p>Non esistono attualmente dati che mostrino se il virus SARS-CoV-2 possa contagiare maggiormente persone con patologie neuromuscolari, ma \u00e8 certo che vista la frequente presenza di problematiche respiratorie, la contrazione dell\u2019infezione potrebbe associarsi allo sviluppo di polmoniti severe e con importanti complicanze. Unitamente agli specialisti dei centri di riferimento che hanno risposto alle chiamate delle singole famiglie, sono state le associazioni di pazienti a rispondere ad alcuni quesiti tramite webinar organizzati con gli esperti (Parent Project, UILDM e GBL onlus per fare alcuni esempi), le uniche a dare alcune risposte, ma tanti altri bisogni\/quesiti sono ancora in attesa di una risposta.<\/p>\n<p>A partire dalla seconda met\u00e0 del mese di febbraio, ogni paziente \u201cneuromuscolare\u201d ed i suoi familiari\/caregivers hanno dovuto far fronte a due ordini di problemi:<\/p>\n<p>1) lo stress emotivo creato dalla situazione di \u201clock down\u201d con la perdita di ogni contatto sociale diretto<\/p>\n<p>2) la gestione delle problematiche logistiche legate alla necessit\u00e0 di assistenza \u201cextrafamiliare\u201d quali assistenza medica-infermieristica, supporto all\u2019igiene, trattamento fisioterapico usualmente effettuate al domicilio ed, in caso di sviluppo di una patologia infettiva respiratoria, la possibilit\u00e0 di eseguire il \u201ctampone nasale e faringeo \u201c per sospetta infezione da COVID19, la gestione del trattamento specifico al domicilio<\/p>\n<ul>\n<li>Noi medici d\u2019altro canto ci siamo trovati di fronte alle necessit\u00e0 :<\/li>\n<\/ul>\n<p>1) nell\u2019immediato, di effettuare un monitoraggio clinico a distanza, senza possibilit\u00e0 di indagini strumentali e con necessit\u00e0 di interventi terapeutici, laddove possibile, sempre a distanza.<\/p>\n<p>2) in una proiezione a breve termine (ipoteticamente entro la fine dell\u2019anno 2020), di verificare come ed in quale entit\u00e0 si sia manifestata l\u2019infezione pandemica da COVID19 nella popolazione neuromuscolare, quali possano essere stati fattori addizionali di vulnerabilit\u00e0 e\/o di protezione rispetto alla popolazione normale e ad ipotizzare una modalit\u00e0 di rientro anche per questi soggetti alla \u201cnormalit\u00e0\u201d.<\/p>\n<p>3) in una proiezione pi\u00f9 a lungo termine (a partire ipoteticamente dal prossimo autunno 2020), di dover pianificare una futura ripresa in carico di questi soggetti in base ai fabbisogni dettati da cambiamenti del quadro clinico.<\/p>\n<p>Tutto questo dovr\u00e0 essere svolto in uno scenario in cui il sistema sanitario nazionale e regionale \u00e8 profondamente cambiato.<\/p>\n<p>L\u2019Unit\u00e0 Neuromuscolare dell\u2019Istituto Scientifico IRCCS E Medea (Dott.ssa M.G. D\u2019Angelo) con i colleghi dei centri di riferimento della malattie neuromuscolari della Regione Lombardia:<\/p>\n<p>1) IRCCS Mondino Foundation, Pavia &#8211; Dott.ssa A. Berardinelli\u00a0<\/p>\n<p>2) Dipartimento di Neuroscienze e Salute Mentale, Fondazione IRCCS Ca\u2019 Granda Ospedale Maggiore Policlinico Milano &#8211; Prof. G.P. Comi\u00a0<\/p>\n<p>3) Universit\u00e0 degli Studi di Milano\u00a0&#8211; Dipartimento di Fisiopatologia Medico Chirurgica e dei Trapianti &#8211; Prof A. DelleFave\u00a0\u00a0<\/p>\n<p>4) Fondazione IRCCS Istituto Neurologico Carlo Besta &#8211; Dott. L. Maggi<\/p>\n<p>5) U.O. Neurologia, ASST \u201cSpedali Civili\u201d di Brescia &#8211;\u00a0 Prof. M. Filosto\u00a0<\/p>\n<p>6) IRCCS Ospedale San Raffaele, Divisione di Neuroscienze, Milano -Prof. S . Previtali<\/p>\n<p>coordina pertanto questo studio che ha gli obiettivi di:<\/p>\n<p>1) descrivere lo stato psicologico ed emotivo dei malati \u201cneuromuscolari\u201d in Lombardia in relazione alla \u201cpandemia COVID19\u201d (si ipotizza di raccogliere entro la fine di ottobre 2020 i dati di pi\u00f9 di 200 pazienti). Studiare eventuali correlazioni con la diagnosi genetica specifica, l\u2019et\u00e0, la condizione funzionale motoria , la funzionalit\u00e0 respiratoria e cardiaca<\/p>\n<p>2) descrivere le condizioni cliniche e le eventuali problematiche organiche occorse nella fase di lock-down ed in quella immediatamente successiva, legate o meno all\u2019 infezione virale da SARS-Cov\u201d. Studiare eventuali correlazioni di queste condizioni\/problematiche con la diagnosi genetica specifica, l\u2019et\u00e0, lo stato funzionale motorio, la funzionalit\u00e0 respiratoria e cardiaca, le terapie in atto e la condizione vaccinale.<\/p>\n<p>3) dare risposte ad eventuali fabbisogni emergenti dallo studio<\/p>\n<p>4) definire, in base a quanto osservato, strategie organizzative e di pianificazione di una presa in carico di questa popolazione \u201cfragile\u201d in caso di futura nuova emergenza<\/p>\n<p>Lo studio richieder\u00e0 la vostra collaborazione secondo queste modalit\u00e0:<\/p>\n<ol>\n<li>Colloquio (telefonico) con il Medico del centro di riferimento, introduzione dello studio e consegna dei questionari (anche per via telematica) e spiegazioni sulle modalit\u00e0 di compilazione degli stessi (anonimizzati)<\/li>\n<li>Consegna dei questionari e nuovo colloquio con il Medico del centro di riferimento (se possibile entro 1 mese circa dall\u2019invio dei questionari)<\/li>\n<li>Rivalutazione clinica complessiva presso il Centro di Riferimento (autunno 2020)<\/li>\n<\/ol>\n<p>Restando a disposizione per ogni ulteriore chiarimento,<\/p>\n<p>Vi ringrazio anticipatamente della collaborazione<\/p>\n<p>&nbsp;<\/p>\n<p><em>Dott.ssa Maria Grazia D\u2019Angelo<\/em><\/p>\n<p><em>Neurologa, Responsabile UO <\/em><em>Malattie Neuromuscolari<\/em><\/p>\n<p><em>IRCCS E <\/em><em>Medea-<\/em><em> Associazione La<\/em><em>\u00a0<\/em><em>Nostra Famiglia<\/em><\/p>\n<p><em>Tel 031 877870<\/em><em>\u00a0<\/em><em>Fax 031 877807<\/em><\/p>\n<p><em>Email: grazia.dangelo@lanostrafamiglia.it<\/em><\/p>\n<p>[\/et_pb_text][\/et_pb_column][\/et_pb_row][\/et_pb_section]<\/p>\n","protected":false},"excerpt":{"rendered":"<p>Responsabile medico Dr.ssa Maria Grazia D\u2019Angelo, \u00a0Unit\u00e0 neuromuscolare IRCCS Eugenio Medea, Bosisio Parini &nbsp; Dott.ssa A. Berardinelli\u00a0&#8211; IRCCS Mondino Foundation, Pavia Prof. G.P. Comi &#8211; Dipartimento di Neuroscienze e Salute Mentale, Fondazione IRCCS Ca\u2019 Granda Ospedale Maggiore Policlinico Milano Prof A. DelleFave &#8211; Universit\u00e0 degli Studi di Milano\u00a0&#8211; Dipartimento di Fisiopatologia Medico Chirurgica e dei [&hellip;]<\/p>\n","protected":false},"author":4,"featured_media":0,"parent":0,"menu_order":0,"comment_status":"closed","ping_status":"closed","template":"","meta":{"_et_pb_use_builder":"on","_et_pb_old_content":"","_et_gb_content_width":"","footnotes":""},"class_list":["post-3242","page","type-page","status-publish","hentry"],"yoast_head":"<!-- This site is optimized with the Yoast SEO plugin v27.3 - https:\/\/yoast.com\/product\/yoast-seo-wordpress\/ -->\n<title>Impatto psicologico ed emotivo della pandemia COVID 19 nella popolazione fragile dei pazienti \u201cneuromuscolari\u201d in regione Lombardia - AICa3 - ETS - Associazione Italiana Calpaina 3<\/title>\n<meta name=\"robots\" content=\"index, follow, max-snippet:-1, max-image-preview:large, max-video-preview:-1\" \/>\n<link rel=\"canonical\" href=\"https:\/\/www.aica3.org\/cms\/impatto-psicologico-ed-emotivo-della-pandemia-covid-19-nella-popolazione-fragile-dei-pazienti-neuromuscolari-in-regione-lombardia\/\" \/>\n<meta property=\"og:locale\" content=\"it_IT\" \/>\n<meta property=\"og:type\" content=\"article\" \/>\n<meta property=\"og:title\" content=\"Impatto psicologico ed emotivo della pandemia COVID 19 nella popolazione fragile dei pazienti \u201cneuromuscolari\u201d in regione Lombardia - AICa3 - ETS - Associazione Italiana Calpaina 3\" \/>\n<meta property=\"og:description\" content=\"Responsabile medico Dr.ssa Maria Grazia D\u2019Angelo, \u00a0Unit\u00e0 neuromuscolare IRCCS Eugenio Medea, Bosisio Parini &nbsp; Dott.ssa A. Berardinelli\u00a0- IRCCS Mondino Foundation, Pavia Prof. G.P. Comi - Dipartimento di Neuroscienze e Salute Mentale, Fondazione IRCCS Ca\u2019 Granda Ospedale Maggiore Policlinico Milano Prof A. DelleFave - Universit\u00e0 degli Studi di Milano\u00a0- Dipartimento di Fisiopatologia Medico Chirurgica e dei [&hellip;]\" \/>\n<meta property=\"og:url\" content=\"https:\/\/www.aica3.org\/cms\/impatto-psicologico-ed-emotivo-della-pandemia-covid-19-nella-popolazione-fragile-dei-pazienti-neuromuscolari-in-regione-lombardia\/\" \/>\n<meta property=\"og:site_name\" content=\"AICa3 - ETS - Associazione Italiana Calpaina 3\" \/>\n<meta property=\"article:publisher\" content=\"http:\/\/www.facebook.com\/pages\/AICa3-Associazione-Italiana-Calpaina-3\/119599211561350\" \/>\n<meta property=\"article:modified_time\" content=\"2022-03-07T13:05:47+00:00\" \/>\n<meta name=\"twitter:label1\" content=\"Tempo di lettura stimato\" \/>\n\t<meta name=\"twitter:data1\" content=\"7 minuti\" \/>\n<script type=\"application\/ld+json\" class=\"yoast-schema-graph\">{\"@context\":\"https:\\\/\\\/schema.org\",\"@graph\":[{\"@type\":\"WebPage\",\"@id\":\"https:\\\/\\\/www.aica3.org\\\/cms\\\/impatto-psicologico-ed-emotivo-della-pandemia-covid-19-nella-popolazione-fragile-dei-pazienti-neuromuscolari-in-regione-lombardia\\\/\",\"url\":\"https:\\\/\\\/www.aica3.org\\\/cms\\\/impatto-psicologico-ed-emotivo-della-pandemia-covid-19-nella-popolazione-fragile-dei-pazienti-neuromuscolari-in-regione-lombardia\\\/\",\"name\":\"Impatto psicologico ed emotivo della pandemia COVID 19 nella popolazione fragile dei pazienti \u201cneuromuscolari\u201d in regione Lombardia - AICa3 - ETS - Associazione Italiana Calpaina 3\",\"isPartOf\":{\"@id\":\"https:\\\/\\\/www.aica3.org\\\/cms\\\/#website\"},\"datePublished\":\"2022-03-07T13:05:44+00:00\",\"dateModified\":\"2022-03-07T13:05:47+00:00\",\"breadcrumb\":{\"@id\":\"https:\\\/\\\/www.aica3.org\\\/cms\\\/impatto-psicologico-ed-emotivo-della-pandemia-covid-19-nella-popolazione-fragile-dei-pazienti-neuromuscolari-in-regione-lombardia\\\/#breadcrumb\"},\"inLanguage\":\"it-IT\",\"potentialAction\":[{\"@type\":\"ReadAction\",\"target\":[\"https:\\\/\\\/www.aica3.org\\\/cms\\\/impatto-psicologico-ed-emotivo-della-pandemia-covid-19-nella-popolazione-fragile-dei-pazienti-neuromuscolari-in-regione-lombardia\\\/\"]}]},{\"@type\":\"BreadcrumbList\",\"@id\":\"https:\\\/\\\/www.aica3.org\\\/cms\\\/impatto-psicologico-ed-emotivo-della-pandemia-covid-19-nella-popolazione-fragile-dei-pazienti-neuromuscolari-in-regione-lombardia\\\/#breadcrumb\",\"itemListElement\":[{\"@type\":\"ListItem\",\"position\":1,\"name\":\"Home\",\"item\":\"https:\\\/\\\/www.aica3.org\\\/cms\\\/\"},{\"@type\":\"ListItem\",\"position\":2,\"name\":\"Impatto psicologico ed emotivo della pandemia COVID 19 nella popolazione fragile dei pazienti \u201cneuromuscolari\u201d in regione Lombardia\"}]},{\"@type\":\"WebSite\",\"@id\":\"https:\\\/\\\/www.aica3.org\\\/cms\\\/#website\",\"url\":\"https:\\\/\\\/www.aica3.org\\\/cms\\\/\",\"name\":\"AICa3 - ETS - Associazione Italiana Calpaina 3\",\"description\":\"Sito ufficiale dell\u2019Associazione Italiana Calpaina 3 per la lotta alla Distrofia Muscolare dei cingoli da deficit di Calpaina 3.\",\"potentialAction\":[{\"@type\":\"SearchAction\",\"target\":{\"@type\":\"EntryPoint\",\"urlTemplate\":\"https:\\\/\\\/www.aica3.org\\\/cms\\\/?s={search_term_string}\"},\"query-input\":{\"@type\":\"PropertyValueSpecification\",\"valueRequired\":true,\"valueName\":\"search_term_string\"}}],\"inLanguage\":\"it-IT\"}]}<\/script>\n<!-- \/ Yoast SEO plugin. -->","yoast_head_json":{"title":"Impatto psicologico ed emotivo della pandemia COVID 19 nella popolazione fragile dei pazienti \u201cneuromuscolari\u201d in regione Lombardia - AICa3 - ETS - Associazione Italiana Calpaina 3","robots":{"index":"index","follow":"follow","max-snippet":"max-snippet:-1","max-image-preview":"max-image-preview:large","max-video-preview":"max-video-preview:-1"},"canonical":"https:\/\/www.aica3.org\/cms\/impatto-psicologico-ed-emotivo-della-pandemia-covid-19-nella-popolazione-fragile-dei-pazienti-neuromuscolari-in-regione-lombardia\/","og_locale":"it_IT","og_type":"article","og_title":"Impatto psicologico ed emotivo della pandemia COVID 19 nella popolazione fragile dei pazienti \u201cneuromuscolari\u201d in regione Lombardia - AICa3 - ETS - Associazione Italiana Calpaina 3","og_description":"Responsabile medico Dr.ssa Maria Grazia D\u2019Angelo, \u00a0Unit\u00e0 neuromuscolare IRCCS Eugenio Medea, Bosisio Parini &nbsp; Dott.ssa A. Berardinelli\u00a0- IRCCS Mondino Foundation, Pavia Prof. G.P. Comi - Dipartimento di Neuroscienze e Salute Mentale, Fondazione IRCCS Ca\u2019 Granda Ospedale Maggiore Policlinico Milano Prof A. DelleFave - Universit\u00e0 degli Studi di Milano\u00a0- Dipartimento di Fisiopatologia Medico Chirurgica e dei [&hellip;]","og_url":"https:\/\/www.aica3.org\/cms\/impatto-psicologico-ed-emotivo-della-pandemia-covid-19-nella-popolazione-fragile-dei-pazienti-neuromuscolari-in-regione-lombardia\/","og_site_name":"AICa3 - ETS - Associazione Italiana Calpaina 3","article_publisher":"http:\/\/www.facebook.com\/pages\/AICa3-Associazione-Italiana-Calpaina-3\/119599211561350","article_modified_time":"2022-03-07T13:05:47+00:00","twitter_misc":{"Tempo di lettura stimato":"7 minuti"},"schema":{"@context":"https:\/\/schema.org","@graph":[{"@type":"WebPage","@id":"https:\/\/www.aica3.org\/cms\/impatto-psicologico-ed-emotivo-della-pandemia-covid-19-nella-popolazione-fragile-dei-pazienti-neuromuscolari-in-regione-lombardia\/","url":"https:\/\/www.aica3.org\/cms\/impatto-psicologico-ed-emotivo-della-pandemia-covid-19-nella-popolazione-fragile-dei-pazienti-neuromuscolari-in-regione-lombardia\/","name":"Impatto psicologico ed emotivo della pandemia COVID 19 nella popolazione fragile dei pazienti \u201cneuromuscolari\u201d in regione Lombardia - AICa3 - ETS - Associazione Italiana Calpaina 3","isPartOf":{"@id":"https:\/\/www.aica3.org\/cms\/#website"},"datePublished":"2022-03-07T13:05:44+00:00","dateModified":"2022-03-07T13:05:47+00:00","breadcrumb":{"@id":"https:\/\/www.aica3.org\/cms\/impatto-psicologico-ed-emotivo-della-pandemia-covid-19-nella-popolazione-fragile-dei-pazienti-neuromuscolari-in-regione-lombardia\/#breadcrumb"},"inLanguage":"it-IT","potentialAction":[{"@type":"ReadAction","target":["https:\/\/www.aica3.org\/cms\/impatto-psicologico-ed-emotivo-della-pandemia-covid-19-nella-popolazione-fragile-dei-pazienti-neuromuscolari-in-regione-lombardia\/"]}]},{"@type":"BreadcrumbList","@id":"https:\/\/www.aica3.org\/cms\/impatto-psicologico-ed-emotivo-della-pandemia-covid-19-nella-popolazione-fragile-dei-pazienti-neuromuscolari-in-regione-lombardia\/#breadcrumb","itemListElement":[{"@type":"ListItem","position":1,"name":"Home","item":"https:\/\/www.aica3.org\/cms\/"},{"@type":"ListItem","position":2,"name":"Impatto psicologico ed emotivo della pandemia COVID 19 nella popolazione fragile dei pazienti \u201cneuromuscolari\u201d in regione Lombardia"}]},{"@type":"WebSite","@id":"https:\/\/www.aica3.org\/cms\/#website","url":"https:\/\/www.aica3.org\/cms\/","name":"AICa3 - ETS - Associazione Italiana Calpaina 3","description":"Sito ufficiale dell\u2019Associazione Italiana Calpaina 3 per la lotta alla Distrofia Muscolare dei cingoli da deficit di Calpaina 3.","potentialAction":[{"@type":"SearchAction","target":{"@type":"EntryPoint","urlTemplate":"https:\/\/www.aica3.org\/cms\/?s={search_term_string}"},"query-input":{"@type":"PropertyValueSpecification","valueRequired":true,"valueName":"search_term_string"}}],"inLanguage":"it-IT"}]}},"_links":{"self":[{"href":"https:\/\/www.aica3.org\/cms\/wp-json\/wp\/v2\/pages\/3242","targetHints":{"allow":["GET"]}}],"collection":[{"href":"https:\/\/www.aica3.org\/cms\/wp-json\/wp\/v2\/pages"}],"about":[{"href":"https:\/\/www.aica3.org\/cms\/wp-json\/wp\/v2\/types\/page"}],"author":[{"embeddable":true,"href":"https:\/\/www.aica3.org\/cms\/wp-json\/wp\/v2\/users\/4"}],"replies":[{"embeddable":true,"href":"https:\/\/www.aica3.org\/cms\/wp-json\/wp\/v2\/comments?post=3242"}],"version-history":[{"count":0,"href":"https:\/\/www.aica3.org\/cms\/wp-json\/wp\/v2\/pages\/3242\/revisions"}],"wp:attachment":[{"href":"https:\/\/www.aica3.org\/cms\/wp-json\/wp\/v2\/media?parent=3242"}],"curies":[{"name":"wp","href":"https:\/\/api.w.org\/{rel}","templated":true}]}}