{"id":546,"date":"2013-02-20T10:51:35","date_gmt":"2013-02-20T09:51:35","guid":{"rendered":"https:\/\/www.aica3.org\/cms\/?page_id=546"},"modified":"2013-02-22T00:48:50","modified_gmt":"2013-02-21T23:48:50","slug":"principi","status":"publish","type":"page","link":"https:\/\/www.aica3.org\/cms\/chi-siamo\/principi\/","title":{"rendered":"Principi"},"content":{"rendered":"<p style=\"text-align: justify;\">Il nostro lavoro e le nostre relazioni sono guidati da alcuni principi fondamentali che si collocano su posizioni di responsabilit\u00e0, universalismo e attivit\u00e0:<\/p>\n<p style=\"text-align: justify;\">\n<p style=\"text-align: justify;\"><strong><em>Famiglia<\/em><\/strong><\/p>\n<p style=\"text-align: justify;\">&#8211; I pazienti e le loro famiglie sono il fulcro di ogni nostra iniziativa centro di tutto ci\u00f2 che facciamo.<\/p>\n<p style=\"text-align: justify;\">\n<p style=\"text-align: justify;\"><strong><em>Impatto<\/em><\/strong><\/p>\n<p style=\"text-align: justify;\">&#8211; Noi crediamo che la lotta per la ricerca di una cura nell\u2019ambito della distrofia dei cingoli (LGMD 2A) richieda un approccio ad ampio raggio che coniughi le richieste e le urgenze dei pazienti e dei familiari e le possibilit\u00e0 nell\u2019ambito della ricerca medico-scientifico.<\/p>\n<p style=\"text-align: justify;\">\n<p style=\"text-align: justify;\"><strong><em>Ottimismo<\/em><\/strong><\/p>\n<p style=\"text-align: justify;\">&#8211; Vediamo molti motivi di speranza supportati dalla consapevolezza, dall&#8217;interesse e dalla comunit\u00e0 di coloro che hanno deciso di essere parte del nostro cammino.<\/p>\n<p style=\"text-align: justify;\">\n<p style=\"text-align: justify;\"><strong><em>Conoscenza<\/em><\/strong><\/p>\n<p style=\"text-align: justify;\">&#8211; Crediamo che la conoscenza sia fondamentale, sia  per i genitori che vogliono il meglio per i loro figli o per i pazienti che vogliono solo capire cosa sta loro accadendo, sia per  i ricercatori impegnati nello studio della patologia e delle terapie volte a rallentarla o, in un\u2019ottimistica ipotesi, a curarla, sia per gli operatori sanitari che cercano di offrire la migliore assistenza possibile.<\/p>\n<p style=\"text-align: justify;\">\n<p style=\"text-align: justify;\"><strong><em>Collaborazione<\/em><\/strong><\/p>\n<p style=\"text-align: justify;\">&#8211; Una comunit\u00e0 unita, che lavora insieme, \u00e8 pi\u00f9 forte e capace di farsi sentire.<\/p>\n<p style=\"text-align: justify;\">\n<p style=\"text-align: justify;\"><strong><em>Determinazione<\/em><\/strong><\/p>\n<p style=\"text-align: justify;\">&#8211; La nostra lotta non si concluder\u00e0 fino a quando ogni persona affetta da calpainopatia non potr\u00e0 considerarsi guarita.<\/p>\n","protected":false},"excerpt":{"rendered":"<p>Il nostro lavoro e le nostre relazioni sono guidati da alcuni principi fondamentali che si collocano su posizioni di responsabilit\u00e0, universalismo e attivit\u00e0: Famiglia &#8211; I pazienti e le loro famiglie sono il fulcro di ogni nostra iniziativa centro di tutto ci\u00f2 che facciamo. Impatto &#8211; Noi crediamo che la lotta per la ricerca di [&hellip;]<\/p>\n","protected":false},"author":4,"featured_media":0,"parent":21,"menu_order":0,"comment_status":"closed","ping_status":"closed","template":"","meta":{"_et_pb_use_builder":"","_et_pb_old_content":"","_et_gb_content_width":"","footnotes":""},"class_list":["post-546","page","type-page","status-publish","hentry"],"yoast_head":"<!-- This site is optimized with the Yoast SEO plugin v27.3 - https:\/\/yoast.com\/product\/yoast-seo-wordpress\/ -->\n<title>Principi - AICa3 - ETS - Associazione Italiana Calpaina 3<\/title>\n<meta name=\"robots\" content=\"index, follow, max-snippet:-1, max-image-preview:large, max-video-preview:-1\" \/>\n<link rel=\"canonical\" href=\"https:\/\/www.aica3.org\/cms\/chi-siamo\/principi\/\" \/>\n<meta property=\"og:locale\" content=\"it_IT\" \/>\n<meta property=\"og:type\" content=\"article\" \/>\n<meta property=\"og:title\" content=\"Principi - AICa3 - ETS - Associazione Italiana Calpaina 3\" \/>\n<meta property=\"og:description\" content=\"Il nostro lavoro e le nostre relazioni sono guidati da alcuni principi fondamentali che si collocano su posizioni di responsabilit\u00e0, universalismo e attivit\u00e0: Famiglia &#8211; I pazienti e le loro famiglie sono il fulcro di ogni nostra iniziativa centro di tutto ci\u00f2 che facciamo. Impatto &#8211; Noi crediamo che la lotta per la ricerca di [&hellip;]\" \/>\n<meta property=\"og:url\" content=\"https:\/\/www.aica3.org\/cms\/chi-siamo\/principi\/\" \/>\n<meta property=\"og:site_name\" content=\"AICa3 - ETS - Associazione Italiana Calpaina 3\" \/>\n<meta property=\"article:publisher\" content=\"http:\/\/www.facebook.com\/pages\/AICa3-Associazione-Italiana-Calpaina-3\/119599211561350\" \/>\n<meta property=\"article:modified_time\" content=\"2013-02-21T23:48:50+00:00\" \/>\n<meta name=\"twitter:label1\" content=\"Tempo di lettura stimato\" \/>\n\t<meta name=\"twitter:data1\" content=\"1 minuto\" \/>\n<script type=\"application\/ld+json\" class=\"yoast-schema-graph\">{\"@context\":\"https:\\\/\\\/schema.org\",\"@graph\":[{\"@type\":\"WebPage\",\"@id\":\"https:\\\/\\\/www.aica3.org\\\/cms\\\/chi-siamo\\\/principi\\\/\",\"url\":\"https:\\\/\\\/www.aica3.org\\\/cms\\\/chi-siamo\\\/principi\\\/\",\"name\":\"Principi - AICa3 - ETS - Associazione Italiana Calpaina 3\",\"isPartOf\":{\"@id\":\"https:\\\/\\\/www.aica3.org\\\/cms\\\/#website\"},\"datePublished\":\"2013-02-20T09:51:35+00:00\",\"dateModified\":\"2013-02-21T23:48:50+00:00\",\"breadcrumb\":{\"@id\":\"https:\\\/\\\/www.aica3.org\\\/cms\\\/chi-siamo\\\/principi\\\/#breadcrumb\"},\"inLanguage\":\"it-IT\",\"potentialAction\":[{\"@type\":\"ReadAction\",\"target\":[\"https:\\\/\\\/www.aica3.org\\\/cms\\\/chi-siamo\\\/principi\\\/\"]}]},{\"@type\":\"BreadcrumbList\",\"@id\":\"https:\\\/\\\/www.aica3.org\\\/cms\\\/chi-siamo\\\/principi\\\/#breadcrumb\",\"itemListElement\":[{\"@type\":\"ListItem\",\"position\":1,\"name\":\"Home\",\"item\":\"https:\\\/\\\/www.aica3.org\\\/cms\\\/\"},{\"@type\":\"ListItem\",\"position\":2,\"name\":\"Chi Siamo\",\"item\":\"https:\\\/\\\/www.aica3.org\\\/cms\\\/chi-siamo\\\/\"},{\"@type\":\"ListItem\",\"position\":3,\"name\":\"Principi\"}]},{\"@type\":\"WebSite\",\"@id\":\"https:\\\/\\\/www.aica3.org\\\/cms\\\/#website\",\"url\":\"https:\\\/\\\/www.aica3.org\\\/cms\\\/\",\"name\":\"AICa3 - ETS - Associazione Italiana Calpaina 3\",\"description\":\"Sito ufficiale dell\u2019Associazione Italiana Calpaina 3 per la lotta alla Distrofia Muscolare dei cingoli da deficit di Calpaina 3.\",\"potentialAction\":[{\"@type\":\"SearchAction\",\"target\":{\"@type\":\"EntryPoint\",\"urlTemplate\":\"https:\\\/\\\/www.aica3.org\\\/cms\\\/?s={search_term_string}\"},\"query-input\":{\"@type\":\"PropertyValueSpecification\",\"valueRequired\":true,\"valueName\":\"search_term_string\"}}],\"inLanguage\":\"it-IT\"}]}<\/script>\n<!-- \/ Yoast SEO plugin. -->","yoast_head_json":{"title":"Principi - AICa3 - ETS - Associazione Italiana Calpaina 3","robots":{"index":"index","follow":"follow","max-snippet":"max-snippet:-1","max-image-preview":"max-image-preview:large","max-video-preview":"max-video-preview:-1"},"canonical":"https:\/\/www.aica3.org\/cms\/chi-siamo\/principi\/","og_locale":"it_IT","og_type":"article","og_title":"Principi - AICa3 - ETS - Associazione Italiana Calpaina 3","og_description":"Il nostro lavoro e le nostre relazioni sono guidati da alcuni principi fondamentali che si collocano su posizioni di responsabilit\u00e0, universalismo e attivit\u00e0: Famiglia &#8211; I pazienti e le loro famiglie sono il fulcro di ogni nostra iniziativa centro di tutto ci\u00f2 che facciamo. Impatto &#8211; Noi crediamo che la lotta per la ricerca di [&hellip;]","og_url":"https:\/\/www.aica3.org\/cms\/chi-siamo\/principi\/","og_site_name":"AICa3 - ETS - Associazione Italiana Calpaina 3","article_publisher":"http:\/\/www.facebook.com\/pages\/AICa3-Associazione-Italiana-Calpaina-3\/119599211561350","article_modified_time":"2013-02-21T23:48:50+00:00","twitter_misc":{"Tempo di lettura stimato":"1 minuto"},"schema":{"@context":"https:\/\/schema.org","@graph":[{"@type":"WebPage","@id":"https:\/\/www.aica3.org\/cms\/chi-siamo\/principi\/","url":"https:\/\/www.aica3.org\/cms\/chi-siamo\/principi\/","name":"Principi - AICa3 - ETS - Associazione Italiana Calpaina 3","isPartOf":{"@id":"https:\/\/www.aica3.org\/cms\/#website"},"datePublished":"2013-02-20T09:51:35+00:00","dateModified":"2013-02-21T23:48:50+00:00","breadcrumb":{"@id":"https:\/\/www.aica3.org\/cms\/chi-siamo\/principi\/#breadcrumb"},"inLanguage":"it-IT","potentialAction":[{"@type":"ReadAction","target":["https:\/\/www.aica3.org\/cms\/chi-siamo\/principi\/"]}]},{"@type":"BreadcrumbList","@id":"https:\/\/www.aica3.org\/cms\/chi-siamo\/principi\/#breadcrumb","itemListElement":[{"@type":"ListItem","position":1,"name":"Home","item":"https:\/\/www.aica3.org\/cms\/"},{"@type":"ListItem","position":2,"name":"Chi Siamo","item":"https:\/\/www.aica3.org\/cms\/chi-siamo\/"},{"@type":"ListItem","position":3,"name":"Principi"}]},{"@type":"WebSite","@id":"https:\/\/www.aica3.org\/cms\/#website","url":"https:\/\/www.aica3.org\/cms\/","name":"AICa3 - ETS - Associazione Italiana Calpaina 3","description":"Sito ufficiale dell\u2019Associazione Italiana Calpaina 3 per la lotta alla Distrofia Muscolare dei cingoli da deficit di Calpaina 3.","potentialAction":[{"@type":"SearchAction","target":{"@type":"EntryPoint","urlTemplate":"https:\/\/www.aica3.org\/cms\/?s={search_term_string}"},"query-input":{"@type":"PropertyValueSpecification","valueRequired":true,"valueName":"search_term_string"}}],"inLanguage":"it-IT"}]}},"_links":{"self":[{"href":"https:\/\/www.aica3.org\/cms\/wp-json\/wp\/v2\/pages\/546","targetHints":{"allow":["GET"]}}],"collection":[{"href":"https:\/\/www.aica3.org\/cms\/wp-json\/wp\/v2\/pages"}],"about":[{"href":"https:\/\/www.aica3.org\/cms\/wp-json\/wp\/v2\/types\/page"}],"author":[{"embeddable":true,"href":"https:\/\/www.aica3.org\/cms\/wp-json\/wp\/v2\/users\/4"}],"replies":[{"embeddable":true,"href":"https:\/\/www.aica3.org\/cms\/wp-json\/wp\/v2\/comments?post=546"}],"version-history":[{"count":0,"href":"https:\/\/www.aica3.org\/cms\/wp-json\/wp\/v2\/pages\/546\/revisions"}],"up":[{"embeddable":true,"href":"https:\/\/www.aica3.org\/cms\/wp-json\/wp\/v2\/pages\/21"}],"wp:attachment":[{"href":"https:\/\/www.aica3.org\/cms\/wp-json\/wp\/v2\/media?parent=546"}],"curies":[{"name":"wp","href":"https:\/\/api.w.org\/{rel}","templated":true}]}}