{"id":775,"date":"2013-03-06T16:07:49","date_gmt":"2013-03-06T15:07:49","guid":{"rendered":"https:\/\/www.aica3.org\/cms\/?page_id=775"},"modified":"2021-12-21T11:30:22","modified_gmt":"2021-12-21T10:30:22","slug":"presa-in-carico-e-cura","status":"publish","type":"page","link":"https:\/\/www.aica3.org\/cms\/distrofie-dei-cingoli\/presa-in-carico-e-cura\/","title":{"rendered":"Presa in carico e Cura"},"content":{"rendered":"<p>[et_pb_section fb_built=&#8221;1&#8243; _builder_version=&#8221;3.22&#8243; global_colors_info=&#8221;{}&#8221;][et_pb_row _builder_version=&#8221;3.25&#8243; background_size=&#8221;initial&#8221; background_position=&#8221;top_left&#8221; background_repeat=&#8221;repeat&#8221; global_colors_info=&#8221;{}&#8221;][et_pb_column type=&#8221;4_4&#8243; _builder_version=&#8221;3.25&#8243; custom_padding=&#8221;|||&#8221; global_colors_info=&#8221;{}&#8221; custom_padding__hover=&#8221;|||&#8221;][et_pb_text _builder_version=&#8221;4.14.4&#8243; background_size=&#8221;initial&#8221; background_position=&#8221;top_left&#8221; background_repeat=&#8221;repeat&#8221; hover_enabled=&#8221;0&#8243; global_colors_info=&#8221;{}&#8221; sticky_enabled=&#8221;0&#8243;]<\/p>\n<h2 style=\"text-align: justify;\"><strong>Approccio multidisciplinare<\/strong><\/h2>\n<p style=\"text-align: justify;\">Essenziale in tutte le forme di distrofia muscolare, superata la fase della diagnosi, una presa in cura globale del paziente con scadenze periodiche regolari e detreminate dalle necessit\u00e0 cliniche soggettive.<\/p>\n<p style=\"text-align: justify;\">Se nella fase della diagnosi, le figure medico assistenziali, coinvolte sono:<\/p>\n<ul style=\"text-align: justify;\">\n<li>Pediatra e Medico di base<\/li>\n<li>Neurologo e neuropsichiatra infantile<\/li>\n<li>Neuropatologo\/biologo<\/li>\n<\/ul>\n<p style=\"text-align: justify;\">Nelle fasi successive  invece molti pi\u00f9 numerosi sono gli aspetti clinici e non clinici che dovranno essere affrontati e quindi numerose saranno le figure professionali coinvolte:<\/p>\n<ul style=\"text-align: justify;\">\n<li>neurologo \/neuropsichiatra infantile : valutazione periodica neuromuscolare , valutazione dei diversi fabbisogni<\/li>\n<li>fisioterapista: programma di mantenimento delle lunghezze muscolari, della perviet\u00e0 delle vie aeree, valutazione dei fabbisogni di ausili (ortesi per arti inferiori, carrozzina, sedie e banchi specifici per ambienti lavorativi e scolastici), valutazione barriere architettoniche all\u2019interno del domicilio e progettazione di modifiche necessarie<\/li>\n<li>Terapista occupazionale: ausili informatici, sistemi di controllo elettronico di alcuni ausili e\/o di telefoni ed apparecchi elettronici all\u2019interno del domicilio, valutazione barriere architettoniche all\u2019interno del domicilio e progettazione di modifiche necessarie<\/li>\n<li>Cardiologo e Pneumologo: valutazione clinica periodica<\/li>\n<li>Nutrizionista\/Dietologo: valutazione dei fabbisogni nutrizionali in base alle diverse condizioni cliniche<\/li>\n<li>Ortopedico\/Chirurgo vertebrale: valutazione di eventuali fabbisogni di chirurgia di allungamento muscolotendineo in presenza di retrazioni muscolari; artrodesi vertebrale in presenza di scoliosi a rapida evolutivit\u00e0<\/li>\n<li>Logopedista: valutazione delle modalit\u00e0 di masticazione\/deglutizione e valutazione di eventuali difficolt\u00e0 di espressione verbale (incoordinazione pneumofonica)<\/li>\n<li>Medico internista\/endocrinologo : valutazione di eventuali disturbi indipendenti dalla patologia ma la cui terapia potrebbe avere effetto miotossico (ad esempio farmaci quali le statine in caso di dislipidemia)<\/li>\n<li>Medico Genetista: consulenza genetica per chiarificazioni circa la propria condizione ed eventualmente quella dei familiari e valutazione del rischio di malattia nella prole<\/li>\n<li>Psicologo: accompagnamento nelle diverse fasi della malattia dalla diagnosi ai diversi momenti di passaggio (manifestazione dei sintomi, comparsa di difficolt\u00e0 di spostamento, necessit\u00e0 di uso di carrozzina, cambiamenti funzioni in ambito lavorativo e cambiamento di attiivit\u00e0 lavorativa, integrazione sociale, rapporti con i coetanei e con il partner e i familiari, considerazioni nella fasi avanzate sul fine vita)<\/li>\n<li>Assistente sociale: pratiche per esenzione, accompagnamento; contatti con figure specifiche a livello comunale e provinciale per assistenza domiciliare, per affiancamento , nel caso di bambini, di figure di educatore<\/li>\n<\/ul>\n<h4> <\/h4>\n<h4 style=\"text-align: justify;\"><strong>Terapia \u201csintomatica\u201d<\/strong><\/h4>\n<p style=\"text-align: justify;\">Chirurgia di allungamento tendineo per quadro retrazionale muscolotendineo<\/p>\n<p style=\"text-align: justify;\">Chirurgia di correzione chirurgica tramite artrodesi vertebrale nel caso di scoliosi rapidamente evolutiva<\/p>\n<p style=\"text-align: justify;\"><strong> <\/strong><\/p>\n<h2 style=\"text-align: justify;\"><strong>FISIOTERAPIA<\/strong><\/h2>\n<p style=\"text-align: justify;\">Gli obiettivi della fiosoterapia nella distrofia dei cingoli da deficit di calpaina3 (ed in genere in tutte le forme di distrofia dei cingoli lentamente evolutive) sono essenzialmente 3:<\/p>\n<p style=\"text-align: justify;\">1)   Mantenimento della forza muscolare tramite esecizio di bassa intensit\u00e0 e di breve durata (cammino per 30 minuti al giorno su superfici piane, attivit\u00e0 in acqua\/nuoto per tempo di 30-40 minuti)<\/p>\n<p style=\"text-align: justify;\">2)   Mantenimento delle funzioni muscolari residue tramite l\u2019impiego di ausili quali ortesi (ad esempio tutori leggeri tipo molle di Codeville nel caso di ipostenia della muscolatura distale di arto inferiore per il cammino o impiego di tutori gamba-piede e piede-gamba-coscia (docce di posizione) per prevenzione di retrazioni muscolotendinee.<\/p>\n<p style=\"text-align: justify;\">3)   Ridurre il quadro retrazionale tramite esercizi di stretching<\/p>\n<p>[\/et_pb_text][\/et_pb_column][\/et_pb_row][et_pb_row _builder_version=&#8221;4.14.4&#8243; _module_preset=&#8221;default&#8221; column_structure=&#8221;1_2,1_2&#8243;][et_pb_column _builder_version=&#8221;4.14.4&#8243; _module_preset=&#8221;default&#8221; type=&#8221;1_2&#8243;][et_pb_button button_url=&#8221;https:\/\/www.aica3.org\/cms\/distrofie-dei-cingoli\/centri-presa-carico-globale\/&#8221; button_text=&#8221;Consulta i centri per la presa in carico globale&#8221; button_alignment=&#8221;center&#8221; button_alignment_tablet=&#8221;center&#8221; button_alignment_last_edited=&#8221;off|tablet&#8221; _builder_version=&#8221;4.14.4&#8243; custom_button=&#8221;on&#8221; button_text_size=&#8221;17px&#8221; button_text_color=&#8221;#ffffff&#8221; button_bg_use_color_gradient=&#8221;on&#8221; button_bg_color_gradient_start=&#8221;#ffb043&#8243; button_bg_color_gradient_end=&#8221;#ff6161&#8243; button_bg_color_gradient_direction=&#8221;135deg&#8221; button_border_width=&#8221;0px&#8221; button_border_radius=&#8221;0px&#8221; button_font=&#8221;Montserrat|600|||||||&#8221; button_use_icon=&#8221;off&#8221; transform_scale_last_edited=&#8221;off|desktop&#8221; transform_translate_last_edited=&#8221;off|desktop&#8221; transform_rotate_last_edited=&#8221;off|desktop&#8221; transform_skew_last_edited=&#8221;off|desktop&#8221; transform_origin_tablet=&#8221;50%|50%&#8221; transform_origin_last_edited=&#8221;off|desktop&#8221; transform_styles_last_edited=&#8221;off|desktop&#8221; custom_margin=&#8221;||||false|false&#8221; custom_margin_tablet=&#8221;||||false|false&#8221; custom_margin_phone=&#8221;&#8221; custom_margin_last_edited=&#8221;on|desktop&#8221; custom_padding=&#8221;17px|40px|17px|40px|true|true&#8221; custom_padding_tablet=&#8221;17px||17px||true|true&#8221; custom_padding_last_edited=&#8221;off|tablet&#8221; hover_enabled=&#8221;0&#8243; box_shadow_style=&#8221;preset1&#8243; box_shadow_vertical=&#8221;10px&#8221; box_shadow_color=&#8221;rgba(63,23,145,0.24)&#8221; global_colors_info=&#8221;{}&#8221; transform_origin__hover_enabled=&#8221;on|desktop&#8221; custom_padding__hover=&#8221;|70px||70px|true|true&#8221; custom_padding__hover_enabled=&#8221;off|hover&#8221; transform_styles__hover_enabled=&#8221;on|hover&#8221; transform_scale__hover_enabled=&#8221;on|hover&#8221; transform_translate__hover_enabled=&#8221;on|desktop&#8221; transform_rotate__hover_enabled=&#8221;on|desktop&#8221; transform_skew__hover_enabled=&#8221;on|desktop&#8221; transform_scale__hover=&#8221;110%|110%&#8221; theme_builder_area=&#8221;post_content&#8221; sticky_enabled=&#8221;0&#8243;][\/et_pb_button][\/et_pb_column][et_pb_column _builder_version=&#8221;4.14.4&#8243; _module_preset=&#8221;default&#8221; type=&#8221;1_2&#8243;][et_pb_button button_url=&#8221;https:\/\/www.aica3.org\/cms\/distrofie-dei-cingoli\/centri-per-trial-clinici\/&#8221; button_text=&#8221;Consulta i centri per i trial clinici&#8221; button_alignment=&#8221;center&#8221; button_alignment_tablet=&#8221;center&#8221; button_alignment_last_edited=&#8221;off|tablet&#8221; _builder_version=&#8221;4.14.4&#8243; custom_button=&#8221;on&#8221; button_text_size=&#8221;17px&#8221; button_text_color=&#8221;#ffffff&#8221; button_bg_use_color_gradient=&#8221;on&#8221; button_bg_color_gradient_start=&#8221;#ffb043&#8243; button_bg_color_gradient_end=&#8221;#ff6161&#8243; button_bg_color_gradient_direction=&#8221;135deg&#8221; button_border_width=&#8221;0px&#8221; button_border_radius=&#8221;0px&#8221; button_font=&#8221;Montserrat|600|||||||&#8221; button_use_icon=&#8221;off&#8221; transform_scale_last_edited=&#8221;off|desktop&#8221; transform_translate_last_edited=&#8221;off|desktop&#8221; transform_rotate_last_edited=&#8221;off|desktop&#8221; transform_skew_last_edited=&#8221;off|desktop&#8221; transform_origin_tablet=&#8221;50%|50%&#8221; transform_origin_last_edited=&#8221;off|desktop&#8221; transform_styles_last_edited=&#8221;off|desktop&#8221; custom_margin=&#8221;||||false|false&#8221; custom_margin_tablet=&#8221;||||false|false&#8221; custom_margin_phone=&#8221;&#8221; custom_margin_last_edited=&#8221;on|desktop&#8221; custom_padding=&#8221;17px|40px|17px|40px|true|true&#8221; custom_padding_tablet=&#8221;17px||17px||true|true&#8221; custom_padding_last_edited=&#8221;off|tablet&#8221; hover_enabled=&#8221;0&#8243; box_shadow_style=&#8221;preset1&#8243; box_shadow_vertical=&#8221;10px&#8221; box_shadow_color=&#8221;rgba(63,23,145,0.24)&#8221; global_colors_info=&#8221;{}&#8221; transform_origin__hover_enabled=&#8221;on|desktop&#8221; custom_padding__hover=&#8221;|70px||70px|true|true&#8221; custom_padding__hover_enabled=&#8221;off|hover&#8221; transform_styles__hover_enabled=&#8221;on|hover&#8221; transform_scale__hover_enabled=&#8221;on|hover&#8221; transform_translate__hover_enabled=&#8221;on|desktop&#8221; transform_rotate__hover_enabled=&#8221;on|desktop&#8221; transform_skew__hover_enabled=&#8221;on|desktop&#8221; transform_scale__hover=&#8221;110%|110%&#8221; theme_builder_area=&#8221;post_content&#8221; sticky_enabled=&#8221;0&#8243;][\/et_pb_button][\/et_pb_column][\/et_pb_row][\/et_pb_section]<\/p>\n","protected":false},"excerpt":{"rendered":"<p>Approccio multidisciplinare Essenziale in tutte le forme di distrofia muscolare, superata la fase della diagnosi, una presa in cura globale del paziente con scadenze periodiche regolari e detreminate dalle necessit\u00e0 cliniche soggettive. Se nella fase della diagnosi, le figure medico assistenziali, coinvolte sono: Pediatra e Medico di base Neurologo e neuropsichiatra infantile Neuropatologo\/biologo Nelle fasi [&hellip;]<\/p>\n","protected":false},"author":4,"featured_media":0,"parent":586,"menu_order":0,"comment_status":"closed","ping_status":"closed","template":"","meta":{"_et_pb_use_builder":"on","_et_pb_old_content":"<p style=\"text-align: justify;\"><strong><em>Approccio multidisciplinare<\/em><\/strong><\/p><p style=\"text-align: justify;\">Essenziale in tutte le forme di distrofia muscolare, superata la fase della diagnosi, una presa in cura globale del paziente con scadenze periodiche regolari e detreminate dalle necessit\u00e0 cliniche soggettive.<\/p><p style=\"text-align: justify;\">Se nella fase della diagnosi, le figure medico assistenziali, coinvolte sono:<\/p><ul style=\"text-align: justify;\"><li>Pediatra e Medico di base<\/li><li>Neurologo e neuropsichiatra infantile<\/li><li>Neuropatologo\/biologo<\/li><\/ul><p style=\"text-align: justify;\">Nelle fasi successive  invece molti pi\u00f9 numerosi sono gli aspetti clinici e non clinici che dovranno essere affrontati e quindi numerose saranno le figure professionali coinvolte:<\/p><ul style=\"text-align: justify;\"><li>neurologo \/neuropsichiatra infantile : valutazione periodica neuromuscolare , valutazione dei diversi fabbisogni<\/li><li>fisioterapista: programma di mantenimento delle lunghezze muscolari, della perviet\u00e0 delle vie aeree, valutazione dei fabbisogni di ausili (ortesi per arti inferiori, carrozzina, sedie e banchi specifici per ambienti lavorativi e scolastici), valutazione barriere architettoniche all\u2019interno del domicilio e progettazione di modifiche necessarie<\/li><li>Terapista occupazionale: ausili informatici, sistemi di controllo elettronico di alcuni ausili e\/o di telefoni ed apparecchi elettronici all\u2019interno del domicilio, valutazione barriere architettoniche all\u2019interno del domicilio e progettazione di modifiche necessarie<\/li><li>Cardiologo e Pneumologo: valutazione clinica periodica<\/li><li>Nutrizionista\/Dietologo: valutazione dei fabbisogni nutrizionali in base alle diverse condizioni cliniche<\/li><li>Ortopedico\/Chirurgo vertebrale: valutazione di eventuali fabbisogni di chirurgia di allungamento muscolotendineo in presenza di retrazioni muscolari; artrodesi vertebrale in presenza di scoliosi a rapida evolutivit\u00e0<\/li><li>Logopedista: valutazione delle modalit\u00e0 di masticazione\/deglutizione e valutazione di eventuali difficolt\u00e0 di espressione verbale (incoordinazione pneumofonica)<\/li><li>Medico internista\/endocrinologo : valutazione di eventuali disturbi indipendenti dalla patologia ma la cui terapia potrebbe avere effetto miotossico (ad esempio farmaci quali le statine in caso di dislipidemia)<\/li><li>Medico Genetista: consulenza genetica per chiarificazioni circa la propria condizione ed eventualmente quella dei familiari e valutazione del rischio di malattia nella prole<\/li><li>Psicologo: accompagnamento nelle diverse fasi della malattia dalla diagnosi ai diversi momenti di passaggio (manifestazione dei sintomi, comparsa di difficolt\u00e0 di spostamento, necessit\u00e0 di uso di carrozzina, cambiamenti funzioni in ambito lavorativo e cambiamento di attiivit\u00e0 lavorativa, integrazione sociale, rapporti con i coetanei e con il partner e i familiari, considerazioni nella fasi avanzate sul fine vita)<\/li><li>Assistente sociale: pratiche per esenzione, accompagnamento; contatti con figure specifiche a livello comunale e provinciale per assistenza domiciliare, per affiancamento , nel caso di bambini, di figure di educatore<\/li><\/ul><p style=\"text-align: justify;\"><strong>Terapia \u201csintomatica\u201d<\/strong><\/p><p style=\"text-align: justify;\">Chirurgia di allungamento tendineo per quadro retrazionale muscolotendineo<\/p><p style=\"text-align: justify;\">Chirurgia di correzione chirurgica tramite artrodesi vertebrale nel caso di scoliosi rapidamente evolutiva<\/p><p style=\"text-align: justify;\"><strong> <\/strong><\/p><p style=\"text-align: justify;\"><strong>FISIOTERAPIA<\/strong><\/p><p style=\"text-align: justify;\">Gli obiettivi della fiosoterapia nella distrofia dei cingoli da deficit di calpaina3 (ed in genere in tutte le forme di distrofia dei cingoli lentamente evolutive) sono essenzialmente 3:<\/p><p style=\"text-align: justify;\">1)   Mantenimento della forza muscolare tramite esecizio di bassa intensit\u00e0 e di breve durata (cammino per 30 minuti al giorno su superfici piane, attivit\u00e0 in acqua\/nuoto per tempo di 30-40 minuti)<\/p><p style=\"text-align: justify;\">2)   Mantenimento delle funzioni muscolari residue tramite l\u2019impiego di ausili quali ortesi (ad esempio tutori leggeri tipo molle di Codeville nel caso di ipostenia della muscolatura distale di arto inferiore per il cammino o impiego di tutori gamba-piede e piede-gamba-coscia (docce di posizione) per prevenzione di retrazioni muscolotendinee.<\/p><p style=\"text-align: justify;\">3)   Ridurre il quadro retrazionale tramite esercizi di stretching<\/p>","_et_gb_content_width":"","footnotes":""},"class_list":["post-775","page","type-page","status-publish","hentry"],"yoast_head":"<!-- This site is optimized with the Yoast SEO plugin v27.3 - https:\/\/yoast.com\/product\/yoast-seo-wordpress\/ -->\n<title>Presa in carico e Cura - AICa3 - ETS - Associazione Italiana Calpaina 3<\/title>\n<meta name=\"robots\" content=\"index, follow, max-snippet:-1, max-image-preview:large, max-video-preview:-1\" \/>\n<link rel=\"canonical\" href=\"https:\/\/www.aica3.org\/cms\/distrofie-dei-cingoli\/presa-in-carico-e-cura\/\" \/>\n<meta property=\"og:locale\" content=\"it_IT\" \/>\n<meta property=\"og:type\" content=\"article\" \/>\n<meta property=\"og:title\" content=\"Presa in carico e Cura - AICa3 - ETS - Associazione Italiana Calpaina 3\" \/>\n<meta property=\"og:description\" content=\"Approccio multidisciplinare Essenziale in tutte le forme di distrofia muscolare, superata la fase della diagnosi, una presa in cura globale del paziente con scadenze periodiche regolari e detreminate dalle necessit\u00e0 cliniche soggettive. Se nella fase della diagnosi, le figure medico assistenziali, coinvolte sono: Pediatra e Medico di base Neurologo e neuropsichiatra infantile Neuropatologo\/biologo Nelle fasi [&hellip;]\" \/>\n<meta property=\"og:url\" content=\"https:\/\/www.aica3.org\/cms\/distrofie-dei-cingoli\/presa-in-carico-e-cura\/\" \/>\n<meta property=\"og:site_name\" content=\"AICa3 - ETS - Associazione Italiana Calpaina 3\" \/>\n<meta property=\"article:publisher\" content=\"http:\/\/www.facebook.com\/pages\/AICa3-Associazione-Italiana-Calpaina-3\/119599211561350\" \/>\n<meta property=\"article:modified_time\" content=\"2021-12-21T10:30:22+00:00\" \/>\n<meta name=\"twitter:label1\" content=\"Tempo di lettura stimato\" \/>\n\t<meta name=\"twitter:data1\" content=\"6 minuti\" \/>\n<script type=\"application\/ld+json\" class=\"yoast-schema-graph\">{\"@context\":\"https:\\\/\\\/schema.org\",\"@graph\":[{\"@type\":\"WebPage\",\"@id\":\"https:\\\/\\\/www.aica3.org\\\/cms\\\/distrofie-dei-cingoli\\\/presa-in-carico-e-cura\\\/\",\"url\":\"https:\\\/\\\/www.aica3.org\\\/cms\\\/distrofie-dei-cingoli\\\/presa-in-carico-e-cura\\\/\",\"name\":\"Presa in carico e Cura - AICa3 - ETS - Associazione Italiana Calpaina 3\",\"isPartOf\":{\"@id\":\"https:\\\/\\\/www.aica3.org\\\/cms\\\/#website\"},\"datePublished\":\"2013-03-06T15:07:49+00:00\",\"dateModified\":\"2021-12-21T10:30:22+00:00\",\"breadcrumb\":{\"@id\":\"https:\\\/\\\/www.aica3.org\\\/cms\\\/distrofie-dei-cingoli\\\/presa-in-carico-e-cura\\\/#breadcrumb\"},\"inLanguage\":\"it-IT\",\"potentialAction\":[{\"@type\":\"ReadAction\",\"target\":[\"https:\\\/\\\/www.aica3.org\\\/cms\\\/distrofie-dei-cingoli\\\/presa-in-carico-e-cura\\\/\"]}]},{\"@type\":\"BreadcrumbList\",\"@id\":\"https:\\\/\\\/www.aica3.org\\\/cms\\\/distrofie-dei-cingoli\\\/presa-in-carico-e-cura\\\/#breadcrumb\",\"itemListElement\":[{\"@type\":\"ListItem\",\"position\":1,\"name\":\"Home\",\"item\":\"https:\\\/\\\/www.aica3.org\\\/cms\\\/\"},{\"@type\":\"ListItem\",\"position\":2,\"name\":\"Distrofie dei Cingoli\",\"item\":\"https:\\\/\\\/www.aica3.org\\\/cms\\\/distrofie-dei-cingoli\\\/\"},{\"@type\":\"ListItem\",\"position\":3,\"name\":\"Presa in carico e Cura\"}]},{\"@type\":\"WebSite\",\"@id\":\"https:\\\/\\\/www.aica3.org\\\/cms\\\/#website\",\"url\":\"https:\\\/\\\/www.aica3.org\\\/cms\\\/\",\"name\":\"AICa3 - ETS - Associazione Italiana Calpaina 3\",\"description\":\"Sito ufficiale dell\u2019Associazione Italiana Calpaina 3 per la lotta alla Distrofia Muscolare dei cingoli da deficit di Calpaina 3.\",\"potentialAction\":[{\"@type\":\"SearchAction\",\"target\":{\"@type\":\"EntryPoint\",\"urlTemplate\":\"https:\\\/\\\/www.aica3.org\\\/cms\\\/?s={search_term_string}\"},\"query-input\":{\"@type\":\"PropertyValueSpecification\",\"valueRequired\":true,\"valueName\":\"search_term_string\"}}],\"inLanguage\":\"it-IT\"}]}<\/script>\n<!-- \/ Yoast SEO plugin. -->","yoast_head_json":{"title":"Presa in carico e Cura - AICa3 - ETS - Associazione Italiana Calpaina 3","robots":{"index":"index","follow":"follow","max-snippet":"max-snippet:-1","max-image-preview":"max-image-preview:large","max-video-preview":"max-video-preview:-1"},"canonical":"https:\/\/www.aica3.org\/cms\/distrofie-dei-cingoli\/presa-in-carico-e-cura\/","og_locale":"it_IT","og_type":"article","og_title":"Presa in carico e Cura - AICa3 - ETS - Associazione Italiana Calpaina 3","og_description":"Approccio multidisciplinare Essenziale in tutte le forme di distrofia muscolare, superata la fase della diagnosi, una presa in cura globale del paziente con scadenze periodiche regolari e detreminate dalle necessit\u00e0 cliniche soggettive. Se nella fase della diagnosi, le figure medico assistenziali, coinvolte sono: Pediatra e Medico di base Neurologo e neuropsichiatra infantile Neuropatologo\/biologo Nelle fasi [&hellip;]","og_url":"https:\/\/www.aica3.org\/cms\/distrofie-dei-cingoli\/presa-in-carico-e-cura\/","og_site_name":"AICa3 - ETS - Associazione Italiana Calpaina 3","article_publisher":"http:\/\/www.facebook.com\/pages\/AICa3-Associazione-Italiana-Calpaina-3\/119599211561350","article_modified_time":"2021-12-21T10:30:22+00:00","twitter_misc":{"Tempo di lettura stimato":"6 minuti"},"schema":{"@context":"https:\/\/schema.org","@graph":[{"@type":"WebPage","@id":"https:\/\/www.aica3.org\/cms\/distrofie-dei-cingoli\/presa-in-carico-e-cura\/","url":"https:\/\/www.aica3.org\/cms\/distrofie-dei-cingoli\/presa-in-carico-e-cura\/","name":"Presa in carico e Cura - AICa3 - ETS - Associazione Italiana Calpaina 3","isPartOf":{"@id":"https:\/\/www.aica3.org\/cms\/#website"},"datePublished":"2013-03-06T15:07:49+00:00","dateModified":"2021-12-21T10:30:22+00:00","breadcrumb":{"@id":"https:\/\/www.aica3.org\/cms\/distrofie-dei-cingoli\/presa-in-carico-e-cura\/#breadcrumb"},"inLanguage":"it-IT","potentialAction":[{"@type":"ReadAction","target":["https:\/\/www.aica3.org\/cms\/distrofie-dei-cingoli\/presa-in-carico-e-cura\/"]}]},{"@type":"BreadcrumbList","@id":"https:\/\/www.aica3.org\/cms\/distrofie-dei-cingoli\/presa-in-carico-e-cura\/#breadcrumb","itemListElement":[{"@type":"ListItem","position":1,"name":"Home","item":"https:\/\/www.aica3.org\/cms\/"},{"@type":"ListItem","position":2,"name":"Distrofie dei Cingoli","item":"https:\/\/www.aica3.org\/cms\/distrofie-dei-cingoli\/"},{"@type":"ListItem","position":3,"name":"Presa in carico e Cura"}]},{"@type":"WebSite","@id":"https:\/\/www.aica3.org\/cms\/#website","url":"https:\/\/www.aica3.org\/cms\/","name":"AICa3 - ETS - Associazione Italiana Calpaina 3","description":"Sito ufficiale dell\u2019Associazione Italiana Calpaina 3 per la lotta alla Distrofia Muscolare dei cingoli da deficit di Calpaina 3.","potentialAction":[{"@type":"SearchAction","target":{"@type":"EntryPoint","urlTemplate":"https:\/\/www.aica3.org\/cms\/?s={search_term_string}"},"query-input":{"@type":"PropertyValueSpecification","valueRequired":true,"valueName":"search_term_string"}}],"inLanguage":"it-IT"}]}},"_links":{"self":[{"href":"https:\/\/www.aica3.org\/cms\/wp-json\/wp\/v2\/pages\/775","targetHints":{"allow":["GET"]}}],"collection":[{"href":"https:\/\/www.aica3.org\/cms\/wp-json\/wp\/v2\/pages"}],"about":[{"href":"https:\/\/www.aica3.org\/cms\/wp-json\/wp\/v2\/types\/page"}],"author":[{"embeddable":true,"href":"https:\/\/www.aica3.org\/cms\/wp-json\/wp\/v2\/users\/4"}],"replies":[{"embeddable":true,"href":"https:\/\/www.aica3.org\/cms\/wp-json\/wp\/v2\/comments?post=775"}],"version-history":[{"count":0,"href":"https:\/\/www.aica3.org\/cms\/wp-json\/wp\/v2\/pages\/775\/revisions"}],"up":[{"embeddable":true,"href":"https:\/\/www.aica3.org\/cms\/wp-json\/wp\/v2\/pages\/586"}],"wp:attachment":[{"href":"https:\/\/www.aica3.org\/cms\/wp-json\/wp\/v2\/media?parent=775"}],"curies":[{"name":"wp","href":"https:\/\/api.w.org\/{rel}","templated":true}]}}